{"id":2291,"date":"2022-01-10T08:28:17","date_gmt":"2022-01-10T07:28:17","guid":{"rendered":"http:\/\/reunir.u-naziboni.bf\/?page_id=2291"},"modified":"2022-05-16T21:17:03","modified_gmt":"2022-05-16T19:17:03","slug":"partenaires","status":"publish","type":"page","link":"https:\/\/reunir.u-naziboni.bf\/en\/partenaires\/","title":{"rendered":"Partners"},"content":{"rendered":"<div data-vc-full-width=\"true\" data-vc-full-width-init=\"false\" class=\"tm-row wpb_row vc_row-fluid tm-container-row1140 vc_custom_1578463338366 vc_row-has-fill vc_column-gap-default tm-zindex-0 tm-bgimage-position-center_center tm-bg tm-bgimage-yes\">\n\n\t\t\t<div class=\"tm-row-wrapper-bg-layer tm-bg-layer\"><\/div><!-- ThemetechMount custom DIV added -->\n\t\t\n\t <div class=\"vc_row container\"> \t\n\t\t\n\n<div class=\"wpb_column tm-column vc_column_container vc_col-sm-12 tm-zindex-0\">\n\t<div class=\"vc_column-inner\">\n\t\t\t\t<div class=\"wpb_wrapper\">\n\t\t\t\n<div class=\"tm-row-inner vc_row wpb_row vc_inner vc_row-fluid tm-bgcolor-white vc_custom_1641801552746 break-991-colum tm-zindex-0\">\n\t\n<div class=\"wpb_column tm-column-inner vc_column_container vc_col-sm-3 tm-zindex-0\">\n\t<div class=\"vc_column-inner  tm-responsive-custom-37636464\">\n\t\t \n\t\t<div class=\"wpb_wrapper\">\n\t\t\t<div class=\"tm-single-image-wrapper imagestyle-three wpb_single_image vc_align_left tm-borderheight-full tm-skincolor-border\"><div class=\"tm-single-image-inner\"><img decoding=\"async\" src=\"http:\/\/reunir.u-naziboni.bf\/wp-content\/uploads\/2019\/11\/pam.png\" class=\"tm-single-image-img\" alt=\"\" \/><\/div><\/div>\t\t<\/div>\n\t<\/div>\n<\/div>\n\n\n<div class=\"wpb_column tm-column-inner vc_column_container vc_col-sm-9 tm-zindex-0\">\n\t<div class=\"vc_column-inner\">\n\t\t \n\t\t<div class=\"wpb_wrapper\">\n\t\t\t<div class=\"tm-element-heading-wrapper tm-heading-inner tm-element-align-left tm-seperator-none tm-heading-style-vertical\"><section class=\"tm-vc_cta3-container\"><div class=\"tm-vc_general tm-vc_cta3 tm-cta3-only tm-vc_cta3-style-classic tm-vc_cta3-shape-rounded tm-vc_cta3-align-left tm-vc_cta3-color-transparent tm-vc_cta3-icon-size-md tm-vc_cta3-actions-no tm-cta3-with-desc\"><div class=\"tm-vc_cta3_content-container\"><div class=\"tm-vc_cta3-content\"><header class=\"tm-vc_cta3-content-header tm-wrap\"><div class=\"tm-vc_cta3-headers tm-wrap-cell\"><h4 class=\"tm-custom-heading\" >WORLD FOOD PROGRAM<\/h4>\n<h2 class=\"tm-custom-heading\" >WFP<\/h2>\n<\/div><div class=\"heading-seperator\"><span><\/span><\/div><\/header><div class=\"tm-cta3-content-wrapper\"><p>The World Food Program is the world's leading humanitarian organization. It saves lives in emergencies and uses food assistance to provide a path to peace, stability and prosperity for those recovering from conflict, disaster or the effects of climate change.<\/p><\/div><\/div><\/div><\/div><\/section><\/div> <!-- .tm-element-heading-wrapper container --> \r\n\t\t<div class=\"tm-vc_btn3-container tm-vc_btn3-inline\"><a class=\"tm-vc_general tm-vc_btn3 tm-vc_btn3-size-xs tm-vc_btn3-shape-round tm-vc_btn3-style-modern tm-vc_btn3-weight-no tm-vc_btn3-color-skincolor\" href=\"https:\/\/fr.wfp.org\" title=\"World Food Program\" target=\"_blank\">See More<\/a><\/div>\t\t<\/div>\n\t<\/div>\n<\/div>\n\n<\/div>\n\n\n<div class=\"tm-row-inner vc_row wpb_row vc_inner vc_row-fluid tm-bgcolor-white vc_custom_1641801721644 break-991-colum tm-zindex-0\">\n\t\n<div class=\"wpb_column tm-column-inner vc_column_container vc_col-sm-3 tm-zindex-0\">\n\t<div class=\"vc_column-inner  tm-responsive-custom-37636464\">\n\t\t \n\t\t<div class=\"wpb_wrapper\">\n\t\t\t<div class=\"tm-single-image-wrapper imagestyle-three wpb_single_image vc_align_left tm-borderheight-full tm-skincolor-border\"><div class=\"tm-single-image-inner\"><img decoding=\"async\" src=\"http:\/\/reunir.u-naziboni.bf\/wp-content\/uploads\/2019\/11\/giz.png\" class=\"tm-single-image-img\" alt=\"\" \/><\/div><\/div>\t\t<\/div>\n\t<\/div>\n<\/div>\n\n\n<div class=\"wpb_column tm-column-inner vc_column_container vc_col-sm-9 tm-zindex-0\">\n\t<div class=\"vc_column-inner\">\n\t\t \n\t\t<div class=\"wpb_wrapper\">\n\t\t\t<div class=\"tm-element-heading-wrapper tm-heading-inner tm-element-align-left tm-seperator-none tm-heading-style-vertical\"><section class=\"tm-vc_cta3-container\"><div class=\"tm-vc_general tm-vc_cta3 tm-cta3-only tm-vc_cta3-style-classic tm-vc_cta3-shape-rounded tm-vc_cta3-align-left tm-vc_cta3-color-transparent tm-vc_cta3-icon-size-md tm-vc_cta3-actions-no tm-cta3-with-desc\"><div class=\"tm-vc_cta3_content-container\"><div class=\"tm-vc_cta3-content\"><header class=\"tm-vc_cta3-content-header tm-wrap\"><div class=\"tm-vc_cta3-headers tm-wrap-cell\"><h4 class=\"tm-custom-heading\" >GERMAN COOPERATION<\/h4>\n<h2 class=\"tm-custom-heading\" >GIZ<\/h2>\n<\/div><div class=\"heading-seperator\"><span><\/span><\/div><\/header><div class=\"tm-cta3-content-wrapper\"><p>GIZ coordinates projects on food security and soil conservation to improve agricultural production and meet the growing demand for food in Burkina Faso. This includes making crops more resilient.<\/p><\/div><\/div><\/div><\/div><\/section><\/div> <!-- .tm-element-heading-wrapper container --> \r\n\t\t<div class=\"tm-vc_btn3-container tm-vc_btn3-inline\"><a class=\"tm-vc_general tm-vc_btn3 tm-vc_btn3-size-xs tm-vc_btn3-shape-round tm-vc_btn3-style-modern tm-vc_btn3-weight-no tm-vc_btn3-color-skincolor\" href=\"https:\/\/www.giz.de\/en\/html\/index.html\" title=\"GIZ\" target=\"_blank\">See More<\/a><\/div>\t\t<\/div>\n\t<\/div>\n<\/div>\n\n<\/div>\n\n\n<div class=\"tm-row-inner vc_row wpb_row vc_inner vc_row-fluid tm-bgcolor-white vc_custom_1641801833241 break-991-colum tm-zindex-0\">\n\t\n<div class=\"wpb_column tm-column-inner vc_column_container vc_col-sm-3 tm-zindex-0\">\n\t<div class=\"vc_column-inner  tm-responsive-custom-37636464\">\n\t\t \n\t\t<div class=\"wpb_wrapper\">\n\t\t\t<div class=\"tm-single-image-wrapper imagestyle-three wpb_single_image vc_align_left tm-borderheight-full tm-skincolor-border\"><div class=\"tm-single-image-inner\"><img decoding=\"async\" src=\"http:\/\/reunir.u-naziboni.bf\/wp-content\/uploads\/2019\/11\/usaid-1.png\" class=\"tm-single-image-img\" alt=\"\" \/><\/div><\/div>\t\t<\/div>\n\t<\/div>\n<\/div>\n\n\n<div class=\"wpb_column tm-column-inner vc_column_container vc_col-sm-9 tm-zindex-0\">\n\t<div class=\"vc_column-inner\">\n\t\t \n\t\t<div class=\"wpb_wrapper\">\n\t\t\t<div class=\"tm-element-heading-wrapper tm-heading-inner tm-element-align-left tm-seperator-none tm-heading-style-vertical\"><section class=\"tm-vc_cta3-container\"><div class=\"tm-vc_general tm-vc_cta3 tm-cta3-only tm-vc_cta3-style-classic tm-vc_cta3-shape-rounded tm-vc_cta3-align-left tm-vc_cta3-color-transparent tm-vc_cta3-icon-size-md tm-vc_cta3-actions-no tm-cta3-with-desc\"><div class=\"tm-vc_cta3_content-container\"><div class=\"tm-vc_cta3-content\"><header class=\"tm-vc_cta3-content-header tm-wrap\"><div class=\"tm-vc_cta3-headers tm-wrap-cell\"><h4 class=\"tm-custom-heading\" >United States Agency for International Development<\/h4>\n<h2 class=\"tm-custom-heading\" >USAID<\/h2>\n<\/div><div class=\"heading-seperator\"><span><\/span><\/div><\/header><div class=\"tm-cta3-content-wrapper\"><p>USAID is the world's leading international development agency and a catalyst for development results. USAID\u2019s work advances U.S. national security and economic prosperity, demonstrates American generosity, and fosters a path to grantee self-reliance and resilience.<\/p><\/div><\/div><\/div><\/div><\/section><\/div> <!-- .tm-element-heading-wrapper container --> \r\n\t\t<div class=\"tm-vc_btn3-container tm-vc_btn3-inline\"><a class=\"tm-vc_general tm-vc_btn3 tm-vc_btn3-size-xs tm-vc_btn3-shape-round tm-vc_btn3-style-modern tm-vc_btn3-weight-no tm-vc_btn3-color-skincolor\" href=\"https:\/\/www.usaid.gov\" title=\"USAID\" target=\"_blank\">See More<\/a><\/div>\t\t<\/div>\n\t<\/div>\n<\/div>\n\n<\/div>\n\n\t\t<\/div>\n\t<\/div>\n<\/div>\n\n\n\n\t\t\n\t <\/div> <\/div>\n\n\n<div class=\"vc_row-full-width vc_clearfix\"><\/div>","protected":false},"excerpt":{"rendered":"PROGRAMME ALIMENTAIRE MONDIAL PAM Le Programme alimentaire mondial est la premi\u00e8re organisation humanitaire au monde. Il sauve des vies dans les situations d\u2019urgence et utilise l\u2019assistance alimentaire pour ouvrir une voie vers la paix, la stabilit\u00e9 et la prosp\u00e9rit\u00e9 au profit de ceux qui se rel\u00e8vent d\u2019un conflit, d\u2019une catastrophe ou subissent les effets du &hellip; <a href=\"https:\/\/reunir.u-naziboni.bf\/en\/partenaires\/\" class=\"more-link\">Continue reading <span class=\"screen-reader-text\">Partners<\/span><\/a>","protected":false},"author":1,"featured_media":0,"parent":0,"menu_order":0,"comment_status":"closed","ping_status":"closed","template":"","meta":{"om_disable_all_campaigns":false,"_monsterinsights_skip_tracking":false,"_monsterinsights_sitenote_active":false,"_monsterinsights_sitenote_note":"","_monsterinsights_sitenote_category":0,"_uf_show_specific_survey":0,"_uf_disable_surveys":false,"footnotes":""},"class_list":["post-2291","page","type-page","status-publish","hentry"],"aioseo_notices":[],"_links":{"self":[{"href":"https:\/\/reunir.u-naziboni.bf\/en\/wp-json\/wp\/v2\/pages\/2291","targetHints":{"allow":["GET"]}}],"collection":[{"href":"https:\/\/reunir.u-naziboni.bf\/en\/wp-json\/wp\/v2\/pages"}],"about":[{"href":"https:\/\/reunir.u-naziboni.bf\/en\/wp-json\/wp\/v2\/types\/page"}],"author":[{"embeddable":true,"href":"https:\/\/reunir.u-naziboni.bf\/en\/wp-json\/wp\/v2\/users\/1"}],"replies":[{"embeddable":true,"href":"https:\/\/reunir.u-naziboni.bf\/en\/wp-json\/wp\/v2\/comments?post=2291"}],"version-history":[{"count":9,"href":"https:\/\/reunir.u-naziboni.bf\/en\/wp-json\/wp\/v2\/pages\/2291\/revisions"}],"predecessor-version":[{"id":2514,"href":"https:\/\/reunir.u-naziboni.bf\/en\/wp-json\/wp\/v2\/pages\/2291\/revisions\/2514"}],"wp:attachment":[{"href":"https:\/\/reunir.u-naziboni.bf\/en\/wp-json\/wp\/v2\/media?parent=2291"}],"curies":[{"name":"wp","href":"https:\/\/api.w.org\/{rel}","templated":true}]}}