{"id":830,"date":"2019-11-25T17:04:04","date_gmt":"2019-11-25T17:04:04","guid":{"rendered":"http:\/\/labpeak.themetechmount.net\/?page_id=830"},"modified":"2023-12-09T21:02:59","modified_gmt":"2023-12-09T20:02:59","slug":"our-team","status":"publish","type":"page","link":"https:\/\/reunir.u-naziboni.bf\/en\/our-team\/","title":{"rendered":"Members of the Office"},"content":{"rendered":"<div class=\"tm-row wpb_row vc_row-fluid vc_column-gap-default tm-zindex-0 vc_row container tm-bgimage-position-center_center\">\n\n\t\t\n\t\t\n\t\t\n\n<div class=\"wpb_column tm-column vc_column_container vc_col-sm-12 tm-zindex-0\">\n\t<div class=\"vc_column-inner\">\n\t\t\t\t<div class=\"wpb_wrapper\">\n\t\t\t<div class=\"themetechmount-boxes themetechmount-boxes-team themetechmount-boxes-view-default themetechmount-boxes-col-four themetechmount-boxes-sortable-no themetechmount-boxes-textalign-center tm-cta3-rev-heading\">\n\t\t<div class=\"themetechmount-boxes-inner themetechmount-boxes-team-inner\">\n\t\t\t\n\t\t\t<div class=\"row multi-columns-row themetechmount-boxes-row-wrapper\">\n\t\t\t\t<div class=\"tm-box-col-wrapper col-lg-3 col-sm-6 col-md-3 col-xs-12\"><article class=\"themetechmount-box themetechmount-box-team themetechmount-teambox-view-style2\">\n\t<div class=\"themetechmount-post-item\">\n\t\t<div class=\"themetechmount-content-inner\">\n\t\t\t<div class=\"themetechmount-team-image-box\">\n\t\t\t\t\n\t\t<span class=\"themetechmount-item-thumbnail\">\n\t\t\t<span class=\"themetechmount-item-thumbnail-inner\">\n\t\t\t\t<img loading=\"lazy\" decoding=\"async\" width=\"500\" height=\"570\" src=\"https:\/\/reunir.u-naziboni.bf\/wp-content\/uploads\/2021\/12\/Visite-du-Secretaire-Executif-du-REUNIR-a-lIPR-IFRA-5-e1640074818791-500x570.jpg\" class=\"attachment-themetechmount-img-team-member size-themetechmount-img-team-member wp-post-image\" alt=\"\" \/>\n\t\t\t<\/span>\n\t\t<\/span>\t\t\t\t<div class=\"themetechmount-box-social-links\"><div class=\"tm-team-social-links-wrapper\"><ul class=\"tm-team-social-links\"><li><a href=\"#\" target=\"_blank\" data-tooltip=\"Facebook\"><i class=\"tm-labpeak-icon-facebook\"><\/i><span class=\"tm-hide\">Facebook<\/span><\/a><\/li><li><a href=\"#\" target=\"_blank\" data-tooltip=\"Twitter\"><i class=\"tm-labpeak-icon-twitter\"><\/i><span class=\"tm-hide\">Twitter<\/span><\/a><\/li><li><a href=\"#\" target=\"_blank\" data-tooltip=\"YouTube\"><i class=\"tm-labpeak-icon-youtube\"><\/i><span class=\"tm-hide\">YouTube<\/span><\/a><\/li><\/ul> <!-- .tm-team-social-links --> <\/div> <!-- .tm-team-social-links-wrapper --> <\/div>\t\t\t\n\t\t\t<div class=\"themetechmount-box-content\">\t\t\t\n\t\t\t\t<div class=\"themetechmount-box-title\"><h4><a href=\"https:\/\/reunir.u-naziboni.bf\/en\/team-member\/pr-aboubacar-toguyeni\/\">Prof. Aboubacar TOGUYENI<\/a><\/h4><\/div>\t\n\t\t\t\t<div class=\"themetechmount-team-position\">Executive Secretary<\/div>\t\t\t\t\t\t\t\t\t\t\n\t\t\t<\/div>\t\n\t\t\t<\/div>\t\t\t\t\t\n\t\t<\/div>\t\n\t<\/div>\n<\/article>\n <\/div><div class=\"tm-box-col-wrapper col-lg-3 col-sm-6 col-md-3 col-xs-12\"><article class=\"themetechmount-box themetechmount-box-team themetechmount-teambox-view-style2\">\n\t<div class=\"themetechmount-post-item\">\n\t\t<div class=\"themetechmount-content-inner\">\n\t\t\t<div class=\"themetechmount-team-image-box\">\n\t\t\t\t\n\t\t<span class=\"themetechmount-item-thumbnail\">\n\t\t\t<span class=\"themetechmount-item-thumbnail-inner\">\n\t\t\t\t<img loading=\"lazy\" decoding=\"async\" width=\"500\" height=\"570\" src=\"https:\/\/reunir.u-naziboni.bf\/wp-content\/uploads\/2019\/11\/Dr-Lamine-Diop-500x570.jpg\" class=\"attachment-themetechmount-img-team-member size-themetechmount-img-team-member wp-post-image\" alt=\"\" \/>\n\t\t\t<\/span>\n\t\t<\/span>\t\t\t\t<div class=\"themetechmount-box-social-links\"><div class=\"tm-team-social-links-wrapper\"><ul class=\"tm-team-social-links\"><li><a href=\"#\" target=\"_blank\" data-tooltip=\"Facebook\"><i class=\"tm-labpeak-icon-facebook\"><\/i><span class=\"tm-hide\">Facebook<\/span><\/a><\/li><li><a href=\"#\" target=\"_blank\" data-tooltip=\"Twitter\"><i class=\"tm-labpeak-icon-twitter\"><\/i><span class=\"tm-hide\">Twitter<\/span><\/a><\/li><li><a href=\"#\" target=\"_blank\" data-tooltip=\"Google+\"><i class=\"tm-labpeak-icon-gplus\"><\/i><span class=\"tm-hide\">Google+<\/span><\/a><\/li><\/ul> <!-- .tm-team-social-links --> <\/div> <!-- .tm-team-social-links-wrapper --> <\/div>\t\t\t\n\t\t\t<div class=\"themetechmount-box-content\">\t\t\t\n\t\t\t\t<div class=\"themetechmount-box-title\"><h4><a href=\"https:\/\/reunir.u-naziboni.bf\/en\/team-member\/dr-lamine-diop\/\">Dr Lamine Diop<\/a><\/h4><\/div>\t\n\t\t\t\t<div class=\"themetechmount-team-position\">Treasurer<\/div>\t\t\t\t\t\t\t\t\t\t\n\t\t\t<\/div>\t\n\t\t\t<\/div>\t\t\t\t\t\n\t\t<\/div>\t\n\t<\/div>\n<\/article>\n <\/div><div class=\"tm-box-col-wrapper col-lg-3 col-sm-6 col-md-3 col-xs-12\"><article class=\"themetechmount-box themetechmount-box-team themetechmount-teambox-view-style2\">\n\t<div class=\"themetechmount-post-item\">\n\t\t<div class=\"themetechmount-content-inner\">\n\t\t\t<div class=\"themetechmount-team-image-box\">\n\t\t\t\t\n\t\t<span class=\"themetechmount-item-thumbnail\">\n\t\t\t<span class=\"themetechmount-item-thumbnail-inner\">\n\t\t\t\t<img loading=\"lazy\" decoding=\"async\" width=\"500\" height=\"570\" src=\"https:\/\/reunir.u-naziboni.bf\/wp-content\/uploads\/2019\/11\/Tidjani-Adamou-Didier-500x570.jpeg\" class=\"attachment-themetechmount-img-team-member size-themetechmount-img-team-member wp-post-image\" alt=\"\" \/>\n\t\t\t<\/span>\n\t\t<\/span>\t\t\t\t<div class=\"themetechmount-box-social-links\"><div class=\"tm-team-social-links-wrapper\"><ul class=\"tm-team-social-links\"><li><a href=\"#\" target=\"_blank\" data-tooltip=\"Facebook\"><i class=\"tm-labpeak-icon-facebook\"><\/i><span class=\"tm-hide\">Facebook<\/span><\/a><\/li><li><a href=\"#\" target=\"_blank\" data-tooltip=\"Twitter\"><i class=\"tm-labpeak-icon-twitter\"><\/i><span class=\"tm-hide\">Twitter<\/span><\/a><\/li><li><a href=\"#\" target=\"_blank\" data-tooltip=\"Google+\"><i class=\"tm-labpeak-icon-gplus\"><\/i><span class=\"tm-hide\">Google+<\/span><\/a><\/li><\/ul> <!-- .tm-team-social-links --> <\/div> <!-- .tm-team-social-links-wrapper --> <\/div>\t\t\t\n\t\t\t<div class=\"themetechmount-box-content\">\t\t\t\n\t\t\t\t<div class=\"themetechmount-box-title\"><h4><a href=\"https:\/\/reunir.u-naziboni.bf\/en\/team-member\/tidjani-adamou-didier\/\">Tidjani Adamou Didier<\/a><\/h4><\/div>\t\n\t\t\t\t<div class=\"themetechmount-team-position\">Secretary in charge of research<\/div>\t\t\t\t\t\t\t\t\t\t\n\t\t\t<\/div>\t\n\t\t\t<\/div>\t\t\t\t\t\n\t\t<\/div>\t\n\t<\/div>\n<\/article>\n <\/div><div class=\"tm-box-col-wrapper col-lg-3 col-sm-6 col-md-3 col-xs-12\"><article class=\"themetechmount-box themetechmount-box-team themetechmount-teambox-view-style2\">\n\t<div class=\"themetechmount-post-item\">\n\t\t<div class=\"themetechmount-content-inner\">\n\t\t\t<div class=\"themetechmount-team-image-box\">\n\t\t\t\t\n\t\t<span class=\"themetechmount-item-thumbnail\">\n\t\t\t<span class=\"themetechmount-item-thumbnail-inner\">\n\t\t\t\t<img loading=\"lazy\" decoding=\"async\" width=\"500\" height=\"570\" src=\"https:\/\/reunir.u-naziboni.bf\/wp-content\/uploads\/2019\/11\/President-dhonneur-500x570.jpeg\" class=\"attachment-themetechmount-img-team-member size-themetechmount-img-team-member wp-post-image\" alt=\"\" \/>\n\t\t\t<\/span>\n\t\t<\/span>\t\t\t\t<div class=\"themetechmount-box-social-links\"><div class=\"tm-team-social-links-wrapper\"><ul class=\"tm-team-social-links\"><li><a href=\"#\" target=\"_blank\" data-tooltip=\"Facebook\"><i class=\"tm-labpeak-icon-facebook\"><\/i><span class=\"tm-hide\">Facebook<\/span><\/a><\/li><li><a href=\"#\" target=\"_blank\" data-tooltip=\"Twitter\"><i class=\"tm-labpeak-icon-twitter\"><\/i><span class=\"tm-hide\">Twitter<\/span><\/a><\/li><li><a href=\"#\" target=\"_blank\" data-tooltip=\"Instagram\"><i class=\"tm-labpeak-icon-instagram\"><\/i><span class=\"tm-hide\">Instagram<\/span><\/a><\/li><\/ul> <!-- .tm-team-social-links --> <\/div> <!-- .tm-team-social-links-wrapper --> <\/div>\t\t\t\n\t\t\t<div class=\"themetechmount-box-content\">\t\t\t\n\t\t\t\t<div class=\"themetechmount-box-title\"><h4><a href=\"https:\/\/reunir.u-naziboni.bf\/en\/team-member\/president-dhonneur\/\">Honorary president<\/a><\/h4><\/div>\t\n\t\t\t\t<div class=\"themetechmount-team-position\">Pr\u00e9sident d'Honneur<\/div>\t\t\t\t\t\t\t\t\t\t\n\t\t\t<\/div>\t\n\t\t\t<\/div>\t\t\t\t\t\n\t\t<\/div>\t\n\t<\/div>\n<\/article>\n <\/div><div class=\"tm-box-col-wrapper col-lg-3 col-sm-6 col-md-3 col-xs-12\"><article class=\"themetechmount-box themetechmount-box-team themetechmount-teambox-view-style2\">\n\t<div class=\"themetechmount-post-item\">\n\t\t<div class=\"themetechmount-content-inner\">\n\t\t\t<div class=\"themetechmount-team-image-box\">\n\t\t\t\t\n\t\t<span class=\"themetechmount-item-thumbnail\">\n\t\t\t<span class=\"themetechmount-item-thumbnail-inner\">\n\t\t\t\t<img loading=\"lazy\" decoding=\"async\" width=\"500\" height=\"570\" src=\"https:\/\/reunir.u-naziboni.bf\/wp-content\/uploads\/2019\/11\/Diarra-500x570.jpeg\" class=\"attachment-themetechmount-img-team-member size-themetechmount-img-team-member wp-post-image\" alt=\"\" \/>\n\t\t\t<\/span>\n\t\t<\/span>\t\t\t\t<div class=\"themetechmount-box-social-links\"><div class=\"tm-team-social-links-wrapper\"><ul class=\"tm-team-social-links\"><li><a href=\"#\" target=\"_blank\" data-tooltip=\"Twitter\"><i class=\"tm-labpeak-icon-twitter\"><\/i><span class=\"tm-hide\">Twitter<\/span><\/a><\/li><li><a href=\"#\" target=\"_blank\" data-tooltip=\"Facebook\"><i class=\"tm-labpeak-icon-facebook\"><\/i><span class=\"tm-hide\">Facebook<\/span><\/a><\/li><li><a href=\"#\" target=\"_blank\" data-tooltip=\"LinkedIn\"><i class=\"tm-labpeak-icon-linkedin\"><\/i><span class=\"tm-hide\">LinkedIn<\/span><\/a><\/li><\/ul> <!-- .tm-team-social-links --> <\/div> <!-- .tm-team-social-links-wrapper --> <\/div>\t\t\t\n\t\t\t<div class=\"themetechmount-box-content\">\t\t\t\n\t\t\t\t<div class=\"themetechmount-box-title\"><h4><a href=\"https:\/\/reunir.u-naziboni.bf\/en\/team-member\/dr-sabake-tianegue-diarra\/\">Dr Sabak\u00e9 Tian\u00e9gu\u00e9 DIARRA<\/a><\/h4><\/div>\t\n\t\t\t\t<div class=\"themetechmount-team-position\">Auditor<\/div>\t\t\t\t\t\t\t\t\t\t\n\t\t\t<\/div>\t\n\t\t\t<\/div>\t\t\t\t\t\n\t\t<\/div>\t\n\t<\/div>\n<\/article>\n <\/div><div class=\"tm-box-col-wrapper col-lg-3 col-sm-6 col-md-3 col-xs-12\"><article class=\"themetechmount-box themetechmount-box-team themetechmount-teambox-view-style2\">\n\t<div class=\"themetechmount-post-item\">\n\t\t<div class=\"themetechmount-content-inner\">\n\t\t\t<div class=\"themetechmount-team-image-box\">\n\t\t\t\t\n\t\t<span class=\"themetechmount-item-thumbnail\">\n\t\t\t<span class=\"themetechmount-item-thumbnail-inner\">\n\t\t\t\t<img loading=\"lazy\" decoding=\"async\" width=\"500\" height=\"570\" src=\"https:\/\/reunir.u-naziboni.bf\/wp-content\/uploads\/2019\/11\/Moutede-Madji-Vincent-500x570.jpeg\" class=\"attachment-themetechmount-img-team-member size-themetechmount-img-team-member wp-post-image\" alt=\"\" \/>\n\t\t\t<\/span>\n\t\t<\/span>\t\t\t\t<div class=\"themetechmount-box-social-links\"><div class=\"tm-team-social-links-wrapper\"><ul class=\"tm-team-social-links\"><li><a href=\"#\" target=\"_blank\" data-tooltip=\"Twitter\"><i class=\"tm-labpeak-icon-twitter\"><\/i><span class=\"tm-hide\">Twitter<\/span><\/a><\/li><li><a href=\"#\" target=\"_blank\" data-tooltip=\"Facebook\"><i class=\"tm-labpeak-icon-facebook\"><\/i><span class=\"tm-hide\">Facebook<\/span><\/a><\/li><li><a href=\"#\" target=\"_blank\" data-tooltip=\"LinkedIn\"><i class=\"tm-labpeak-icon-linkedin\"><\/i><span class=\"tm-hide\">LinkedIn<\/span><\/a><\/li><\/ul> <!-- .tm-team-social-links --> <\/div> <!-- .tm-team-social-links-wrapper --> <\/div>\t\t\t\n\t\t\t<div class=\"themetechmount-box-content\">\t\t\t\n\t\t\t\t<div class=\"themetechmount-box-title\"><h4><a href=\"https:\/\/reunir.u-naziboni.bf\/en\/team-member\/moutede-madji-vincent\/\">Moutede-Madji Vincent<\/a><\/h4><\/div>\t\n\t\t\t\t<div class=\"themetechmount-team-position\"><\/div>\t\t\t\t\t\t\t\t\t\t\n\t\t\t<\/div>\t\n\t\t\t<\/div>\t\t\t\t\t\n\t\t<\/div>\t\n\t<\/div>\n<\/article>\n <\/div><div class=\"tm-box-col-wrapper col-lg-3 col-sm-6 col-md-3 col-xs-12\"><article class=\"themetechmount-box themetechmount-box-team themetechmount-teambox-view-style2\">\n\t<div class=\"themetechmount-post-item\">\n\t\t<div class=\"themetechmount-content-inner\">\n\t\t\t<div class=\"themetechmount-team-image-box\">\n\t\t\t\t\n\t\t<span class=\"themetechmount-item-thumbnail\">\n\t\t\t<span class=\"themetechmount-item-thumbnail-inner\">\n\t\t\t\t<img loading=\"lazy\" decoding=\"async\" width=\"496\" height=\"570\" src=\"https:\/\/reunir.u-naziboni.bf\/wp-content\/uploads\/2019\/11\/Sitou-496x570.jpg\" class=\"attachment-themetechmount-img-team-member size-themetechmount-img-team-member wp-post-image\" alt=\"\" \/>\n\t\t\t<\/span>\n\t\t<\/span>\t\t\t\t<div class=\"themetechmount-box-social-links\"><div class=\"tm-team-social-links-wrapper\"><ul class=\"tm-team-social-links\"><li><a href=\"#\" target=\"_blank\" data-tooltip=\"Facebook\"><i class=\"tm-labpeak-icon-facebook\"><\/i><span class=\"tm-hide\">Facebook<\/span><\/a><\/li><li><a href=\"#\" target=\"_blank\" data-tooltip=\"Twitter\"><i class=\"tm-labpeak-icon-twitter\"><\/i><span class=\"tm-hide\">Twitter<\/span><\/a><\/li><li><a href=\"#\" target=\"_blank\" data-tooltip=\"LinkedIn\"><i class=\"tm-labpeak-icon-linkedin\"><\/i><span class=\"tm-hide\">LinkedIn<\/span><\/a><\/li><\/ul> <!-- .tm-team-social-links --> <\/div> <!-- .tm-team-social-links-wrapper --> <\/div>\t\t\t\n\t\t\t<div class=\"themetechmount-box-content\">\t\t\t\n\t\t\t\t<div class=\"themetechmount-box-title\"><h4><a href=\"https:\/\/reunir.u-naziboni.bf\/en\/team-member\/dr-lawali-sitou\/\">Dr. LAWALI Sitou<\/a><\/h4><\/div>\t\n\t\t\t\t<div class=\"themetechmount-team-position\">Secretary in charge of communications and external relations<\/div>\t\t\t\t\t\t\t\t\t\t\n\t\t\t<\/div>\t\n\t\t\t<\/div>\t\t\t\t\t\n\t\t<\/div>\t\n\t<\/div>\n<\/article>\n <\/div>\n\t\t\t<\/div>\n\t\t<\/div><!-- .themetechmount-boxes-inner -->   <\/div><!-- .themetechmount-boxes -->  \t\t<\/div>\n\t<\/div>\n<\/div>\n\n\n\n\t\t\n\t<\/div>","protected":false},"excerpt":{"rendered":"Fonctions occup\u00e9es Doyen de Facult\u00e9 d\u2019Agronomie et des Sciences de l\u2019Environnement (2018-2021) Chef de d\u00e9partement de Sociologie et Economie Rurales\u00a0 Responsable Unit\u00e9 Mixte de Recherche\u00a0: D\u00e9veloppement Durable, Soci\u00e9t\u00e9s et Adaptation aux changements climatiques\u00a0 Point focal partenariat scientifique PAM \u2013 UDDM (2017 \u2013 2021) Conseiller National\u00a0: membre du Conseil Economique, Social et Culturel (2012-2016) Domaines de &hellip; <a href=\"https:\/\/reunir.u-naziboni.bf\/en\/team-member\/dr-lawali-sitou\/\" class=\"more-link\">Continue reading <span class=\"screen-reader-text\">Dr. LAWALI Sitou<\/span><\/a>","protected":false},"author":1,"featured_media":0,"parent":0,"menu_order":10,"comment_status":"closed","ping_status":"closed","template":"","meta":{"om_disable_all_campaigns":false,"_monsterinsights_skip_tracking":false,"_monsterinsights_sitenote_active":false,"_monsterinsights_sitenote_note":"","_monsterinsights_sitenote_category":0,"_uf_show_specific_survey":0,"_uf_disable_surveys":false,"footnotes":""},"class_list":["post-830","page","type-page","status-publish","hentry"],"aioseo_notices":[],"_links":{"self":[{"href":"https:\/\/reunir.u-naziboni.bf\/en\/wp-json\/wp\/v2\/pages\/830","targetHints":{"allow":["GET"]}}],"collection":[{"href":"https:\/\/reunir.u-naziboni.bf\/en\/wp-json\/wp\/v2\/pages"}],"about":[{"href":"https:\/\/reunir.u-naziboni.bf\/en\/wp-json\/wp\/v2\/types\/page"}],"author":[{"embeddable":true,"href":"https:\/\/reunir.u-naziboni.bf\/en\/wp-json\/wp\/v2\/users\/1"}],"replies":[{"embeddable":true,"href":"https:\/\/reunir.u-naziboni.bf\/en\/wp-json\/wp\/v2\/comments?post=830"}],"version-history":[{"count":3,"href":"https:\/\/reunir.u-naziboni.bf\/en\/wp-json\/wp\/v2\/pages\/830\/revisions"}],"predecessor-version":[{"id":2769,"href":"https:\/\/reunir.u-naziboni.bf\/en\/wp-json\/wp\/v2\/pages\/830\/revisions\/2769"}],"wp:attachment":[{"href":"https:\/\/reunir.u-naziboni.bf\/en\/wp-json\/wp\/v2\/media?parent=830"}],"curies":[{"name":"wp","href":"https:\/\/api.w.org\/{rel}","templated":true}]}}