{"id":837,"date":"2019-11-25T17:09:33","date_gmt":"2019-11-25T17:09:33","guid":{"rendered":"http:\/\/labpeak.themetechmount.net\/?page_id=837"},"modified":"2019-11-25T17:09:33","modified_gmt":"2019-11-25T17:09:33","slug":"blog-left-image","status":"publish","type":"page","link":"https:\/\/reunir.u-naziboni.bf\/en\/blog-left-image\/","title":{"rendered":"Blog Left Image"},"content":{"rendered":"<div class=\"tm-row wpb_row vc_row-fluid vc_column-gap-default tm-zindex-0 vc_row container tm-bgimage-position-center_center\">\n\n\t\t\n\t\t\n\t\t\n\n<div class=\"wpb_column tm-column vc_column_container vc_col-sm-12 tm-zindex-0\">\n\t<div class=\"vc_column-inner\">\n\t\t\t\t<div class=\"wpb_wrapper\">\n\t\t\t<div class=\"themetechmount-boxes themetechmount-boxes-blog themetechmount-boxes-view-default themetechmount-boxes-col-two themetechmount-boxes-sortable-no themetechmount-boxes-textalign-center tm-cta3-rev-heading\">\n\t\t<div class=\"themetechmount-boxes-inner themetechmount-boxes-blog-inner\">\n\t\t\t\n\t\t\t<div class=\"row multi-columns-row themetechmount-boxes-row-wrapper\">\n\t\t\t\t<div class=\"tm-box-col-wrapper col-lg-6 col-sm-6 col-md-6 col-xs-12 formations publication\"><article class=\"themetechmount-box themetechmount-box-blog themetechmount-blogbox-format-  themetechmount-box-view-left-image themetechmount-blog-box-view-left-image\">\n\t<div class=\"post-item\">\n\t\t<div class=\"themetechmount-box-content\">\n\t\t\t<div class=\"col-md-5 themetechmount-box-img-left\">\n\t\t\t\t<div class=\"tm-featured-outer-wrapper tm-post-featured-outer-wrapper\">\n\t\t\t\t\t<div class=\"tm-featured-wrapper tm-post-featured-wrapper tm-post-format-\"><a href=\"https:\/\/reunir.u-naziboni.bf\/en\/bootcamp-de-formation-des-formateurs-sur-les-techniques-et-technologies-ces-drs-et-les-conditions-et-normes-de-leur-mise-en-oeuvre\/\"><img loading=\"lazy\" decoding=\"async\" width=\"450\" height=\"600\" src=\"https:\/\/reunir.u-naziboni.bf\/wp-content\/uploads\/2025\/12\/bootcamp_Diandoly-Senegal_1-450x600.jpg\" class=\"attachment-themetechmount-img-blog-left size-themetechmount-img-blog-left wp-post-image\" alt=\"\" data-id=\"3067\" \/><\/a><\/div>\t\n\t\t\t\t<\/div>\n\t\t\t<\/div>\n\t\t\t<div class=\"themetechmount-box-content col-md-7\">\n\t\t\t\t<div class=\"themetechmount-box-content-inner\">\n\t\t\t\t\t<div class=\"entry-header\">\n\t\t\t\t\t\t\t\t\t\t\t\t\t\t<div class=\"tm-post-categories\"><span class=\"tm-meta-line cat-links\"><span class=\"screen-reader-text tm-hide\">Categories <\/span><a href=\"https:\/\/reunir.u-naziboni.bf\/en\/category\/formations\/\">Formations<\/a> <a href=\"https:\/\/reunir.u-naziboni.bf\/en\/category\/publication\/\">Publication<\/a><\/span><\/div>\n\t\t\t\t\t\t\t\t\t\t\t\t<div class=\"themetechmount-box-title\"><h4><a href=\"https:\/\/reunir.u-naziboni.bf\/en\/bootcamp-de-formation-des-formateurs-sur-les-techniques-et-technologies-ces-drs-et-les-conditions-et-normes-de-leur-mise-en-oeuvre\/\">Bootcamp de formation des formateurs sur les techniques et technologies CES\/DRS et les conditions et normes de leur mise en \u0153uvre<\/a><\/h4><\/div>\t\t\t\t\t\t\n\t\t\t\t\t<\/div>\n\t\t\t\t\t<div class=\"themetechmount-box-desc\">\t\t\t\t\t\n\t\t\t\t\t\t<div class=\"themetechmount-box-desc-text\">Arriv\u00e9e et accueil par les communaut\u00e9s sur le site du bootcamp \u00e0 Diandoly\/S\u00e9n\u00e9gal https:\/\/youtu.be\/yN...<\/div>\t\n\t\t\t\t\t<\/div>\n\t\t\t\t<\/div>\n\t\t\t\t<div class=\"tm-entry-footer\">\t\t\n\t\t\t\t\t\t\t\t\t\t<span class=\"themetechmount-meta-line posted-on\">\n\t\t\t\t\t\t<span class=\"screen-reader-text themetechmount-hide\">Posted on <\/span>\n\t\t\t\t\t\t<a href=\"https:\/\/reunir.u-naziboni.bf\/en\/bootcamp-de-formation-des-formateurs-sur-les-techniques-et-technologies-ces-drs-et-les-conditions-et-normes-de-leur-mise-en-oeuvre\/\" rel=\"bookmark\">\n\t\t\t\t\t\t<time class=\"entry-date published\" datetime=\"2025-12-14T15:24:05+00:00\">14 December 2025<\/time>\n\t\t\t\t\t\t<time class=\"updated themetechmount-hide\" datetime=\"2025-12-14T15:24:06+00:00\">14 December 2025<\/time>\n\t\t\t\t\t\t<\/a>\n\t\t\t\t\t<\/span>\t\t\t\t\n\t\t\t\t<\/div>\t\t\t\t\t\n\t\t\t<\/div>\n\t\t<\/div>\n\t<\/div>\n<\/article>\n<\/div><div class=\"tm-box-col-wrapper col-lg-6 col-sm-6 col-md-6 col-xs-12 non-classe-fr\"><article class=\"themetechmount-box themetechmount-box-blog themetechmount-blogbox-format-  themetechmount-box-view-left-image themetechmount-blog-box-view-left-image\">\n\t<div class=\"post-item\">\n\t\t<div class=\"themetechmount-box-content\">\n\t\t\t<div class=\"col-md-5 themetechmount-box-img-left\">\n\t\t\t\t<div class=\"tm-featured-outer-wrapper tm-post-featured-outer-wrapper\">\n\t\t\t\t\t<div class=\"tm-featured-wrapper tm-post-featured-wrapper tm-post-format-\"><a href=\"https:\/\/reunir.u-naziboni.bf\/en\/atelier-de-formation-des-formateurs-bootcamp-sur-les-techniques-et-technologies-ces-drs-et-les-conditions-et-normes-de-leur-mise-en-oeuvre\/\"><img loading=\"lazy\" decoding=\"async\" width=\"450\" height=\"600\" src=\"https:\/\/reunir.u-naziboni.bf\/wp-content\/uploads\/2025\/11\/REUNIR-BootCamp-MATAM-SENEGAL-450x600.png\" class=\"attachment-themetechmount-img-blog-left size-themetechmount-img-blog-left wp-post-image\" alt=\"\" data-id=\"3046\" \/><\/a><\/div>\t\n\t\t\t\t<\/div>\n\t\t\t<\/div>\n\t\t\t<div class=\"themetechmount-box-content col-md-7\">\n\t\t\t\t<div class=\"themetechmount-box-content-inner\">\n\t\t\t\t\t<div class=\"entry-header\">\n\t\t\t\t\t\t\t\t\t\t\t\t\t\t<div class=\"tm-post-categories\"><span class=\"tm-meta-line cat-links\"><span class=\"screen-reader-text tm-hide\">Categories <\/span><a href=\"https:\/\/reunir.u-naziboni.bf\/en\/category\/non-classe-fr\/\">Non class\u00e9<\/a><\/span><\/div>\n\t\t\t\t\t\t\t\t\t\t\t\t<div class=\"themetechmount-box-title\"><h4><a href=\"https:\/\/reunir.u-naziboni.bf\/en\/atelier-de-formation-des-formateurs-bootcamp-sur-les-techniques-et-technologies-ces-drs-et-les-conditions-et-normes-de-leur-mise-en-oeuvre\/\">ATELIER DE FORMATION DES FORMATEURS (BOOTCAMP) SUR LES TECHNIQUES ET TECHNOLOGIES CES\/DRS ET LES CONDITIONS ET NORMES DE LEUR MISE EN \u0152UVRE<\/a><\/h4><\/div>\t\t\t\t\t\t\n\t\t\t\t\t<\/div>\n\t\t\t\t\t<div class=\"themetechmount-box-desc\">\t\t\t\t\t\n\t\t\t\t\t\t<div class=\"themetechmount-box-desc-text\">I. Contexte et justification Le R\u00e9seau des Universit\u00e9s du Sahel pour la R\u00e9silience (REUNIR) est mis en p...<\/div>\t\n\t\t\t\t\t<\/div>\n\t\t\t\t<\/div>\n\t\t\t\t<div class=\"tm-entry-footer\">\t\t\n\t\t\t\t\t\t\t\t\t\t<span class=\"themetechmount-meta-line posted-on\">\n\t\t\t\t\t\t<span class=\"screen-reader-text themetechmount-hide\">Posted on <\/span>\n\t\t\t\t\t\t<a href=\"https:\/\/reunir.u-naziboni.bf\/en\/atelier-de-formation-des-formateurs-bootcamp-sur-les-techniques-et-technologies-ces-drs-et-les-conditions-et-normes-de-leur-mise-en-oeuvre\/\" rel=\"bookmark\">\n\t\t\t\t\t\t<time class=\"entry-date published\" datetime=\"2025-11-15T09:24:11+00:00\">15 November 2025<\/time>\n\t\t\t\t\t\t<time class=\"updated themetechmount-hide\" datetime=\"2025-11-16T07:03:13+00:00\">16 November 2025<\/time>\n\t\t\t\t\t\t<\/a>\n\t\t\t\t\t<\/span>\t\t\t\t\n\t\t\t\t<\/div>\t\t\t\t\t\n\t\t\t<\/div>\n\t\t<\/div>\n\t<\/div>\n<\/article>\n<\/div><div class=\"tm-box-col-wrapper col-lg-6 col-sm-6 col-md-6 col-xs-12 non-classe-fr\"><article class=\"themetechmount-box themetechmount-box-blog themetechmount-blogbox-format-  themetechmount-box-view-left-image themetechmount-blog-box-view-left-image\">\n\t<div class=\"post-item\">\n\t\t<div class=\"themetechmount-box-content\">\n\t\t\t<div class=\"col-md-5 themetechmount-box-img-left\">\n\t\t\t\t<div class=\"tm-featured-outer-wrapper tm-post-featured-outer-wrapper\">\n\t\t\t\t\t<div class=\"tm-featured-wrapper tm-post-featured-wrapper tm-post-format-\"><a href=\"https:\/\/reunir.u-naziboni.bf\/en\/formation-bootcamp-abeche-2025\/\"><img loading=\"lazy\" decoding=\"async\" width=\"450\" height=\"600\" src=\"https:\/\/reunir.u-naziboni.bf\/wp-content\/uploads\/2025\/11\/REUNIR-Bootcam-Abeche-2025-450x600.png\" class=\"attachment-themetechmount-img-blog-left size-themetechmount-img-blog-left wp-post-image\" alt=\"\" data-id=\"3045\" \/><\/a><\/div>\t\n\t\t\t\t<\/div>\n\t\t\t<\/div>\n\t\t\t<div class=\"themetechmount-box-content col-md-7\">\n\t\t\t\t<div class=\"themetechmount-box-content-inner\">\n\t\t\t\t\t<div class=\"entry-header\">\n\t\t\t\t\t\t\t\t\t\t\t\t\t\t<div class=\"tm-post-categories\"><span class=\"tm-meta-line cat-links\"><span class=\"screen-reader-text tm-hide\">Categories <\/span><a href=\"https:\/\/reunir.u-naziboni.bf\/en\/category\/non-classe-fr\/\">Non class\u00e9<\/a><\/span><\/div>\n\t\t\t\t\t\t\t\t\t\t\t\t<div class=\"themetechmount-box-title\"><h4><a href=\"https:\/\/reunir.u-naziboni.bf\/en\/formation-bootcamp-abeche-2025\/\">FORMATION BOOTCAMP \u2013 Ab\u00e9ch\u00e9 2025<\/a><\/h4><\/div>\t\t\t\t\t\t\n\t\t\t\t\t<\/div>\n\t\t\t\t\t<div class=\"themetechmount-box-desc\">\t\t\t\t\t\n\t\t\t\t\t\t<div class=\"themetechmount-box-desc-text\">1. Contexte La composante \u00ab Cr\u00e9ation d'Actifs \u00bb du programme de r\u00e9silience joue un r\u00f4le cl\u00e9 dans le r...<\/div>\t\n\t\t\t\t\t<\/div>\n\t\t\t\t<\/div>\n\t\t\t\t<div class=\"tm-entry-footer\">\t\t\n\t\t\t\t\t\t\t\t\t\t<span class=\"themetechmount-meta-line posted-on\">\n\t\t\t\t\t\t<span class=\"screen-reader-text themetechmount-hide\">Posted on <\/span>\n\t\t\t\t\t\t<a href=\"https:\/\/reunir.u-naziboni.bf\/en\/formation-bootcamp-abeche-2025\/\" rel=\"bookmark\">\n\t\t\t\t\t\t<time class=\"entry-date published\" datetime=\"2025-11-15T08:52:35+00:00\">15 November 2025<\/time>\n\t\t\t\t\t\t<time class=\"updated themetechmount-hide\" datetime=\"2025-11-15T08:52:37+00:00\">15 November 2025<\/time>\n\t\t\t\t\t\t<\/a>\n\t\t\t\t\t<\/span>\t\t\t\t\n\t\t\t\t<\/div>\t\t\t\t\t\n\t\t\t<\/div>\n\t\t<\/div>\n\t<\/div>\n<\/article>\n<\/div><div class=\"tm-box-col-wrapper col-lg-6 col-sm-6 col-md-6 col-xs-12 ouvrages\"><article class=\"themetechmount-box themetechmount-box-blog themetechmount-blogbox-format- tm-no-featured-content themetechmount-box-view-left-image themetechmount-blog-box-view-left-image\">\n\t<div class=\"post-item\">\n\t\t<div class=\"themetechmount-box-content\">\n\t\t\t<div class=\"col-md-5 themetechmount-box-img-left\">\n\t\t\t\t<div class=\"tm-featured-outer-wrapper tm-post-featured-outer-wrapper\">\n\t\t\t\t\t\t\n\t\t\t\t<\/div>\n\t\t\t<\/div>\n\t\t\t<div class=\"themetechmount-box-content col-md-7\">\n\t\t\t\t<div class=\"themetechmount-box-content-inner\">\n\t\t\t\t\t<div class=\"entry-header\">\n\t\t\t\t\t\t\t\t\t\t\t\t\t\t<div class=\"tm-post-categories\"><span class=\"tm-meta-line cat-links\"><span class=\"screen-reader-text tm-hide\">Categories <\/span><a href=\"https:\/\/reunir.u-naziboni.bf\/en\/category\/ouvrages\/\">Ouvrages<\/a><\/span><\/div>\n\t\t\t\t\t\t\t\t\t\t\t\t<div class=\"themetechmount-box-title\"><h4><a href=\"https:\/\/reunir.u-naziboni.bf\/en\/partenariat-scientifique-reunir-pam-apport-de-la-recherche-pour-un-changement-de-paradigme-dans-loperationnalisation-de-lapproche-resilience-au-sahel\/\">PARTENARIAT SCIENTIFIQUE REUNIR &#8211; PAM :\u00a0APPORT DE LA RECHERCHE POUR UN CHANGEMENT DE PARADIGME DANS L&rsquo;OPERATIONNALISATION DE L&rsquo;APPROCHE RESILIENCE AU SAHEL<\/a><\/h4><\/div>\t\t\t\t\t\t\n\t\t\t\t\t<\/div>\n\t\t\t\t\t<div class=\"themetechmount-box-desc\">\t\t\t\t\t\n\t\t\t\t\t\t<div class=\"themetechmount-box-desc-text\">PARTENARIAT SCIENTIFIQUE REUNIR - PAMT\u00e9l\u00e9charger...<\/div>\t\n\t\t\t\t\t<\/div>\n\t\t\t\t<\/div>\n\t\t\t\t<div class=\"tm-entry-footer\">\t\t\n\t\t\t\t\t\t\t\t\t\t<span class=\"themetechmount-meta-line posted-on\">\n\t\t\t\t\t\t<span class=\"screen-reader-text themetechmount-hide\">Posted on <\/span>\n\t\t\t\t\t\t<a href=\"https:\/\/reunir.u-naziboni.bf\/en\/partenariat-scientifique-reunir-pam-apport-de-la-recherche-pour-un-changement-de-paradigme-dans-loperationnalisation-de-lapproche-resilience-au-sahel\/\" rel=\"bookmark\">\n\t\t\t\t\t\t<time class=\"entry-date published\" datetime=\"2024-12-03T12:00:56+00:00\">3 December 2024<\/time>\n\t\t\t\t\t\t<time class=\"updated themetechmount-hide\" datetime=\"2024-12-03T12:05:48+00:00\">3 December 2024<\/time>\n\t\t\t\t\t\t<\/a>\n\t\t\t\t\t<\/span>\t\t\t\t\n\t\t\t\t<\/div>\t\t\t\t\t\n\t\t\t<\/div>\n\t\t<\/div>\n\t<\/div>\n<\/article>\n<\/div><div class=\"tm-box-col-wrapper col-lg-6 col-sm-6 col-md-6 col-xs-12 publication\"><article class=\"themetechmount-box themetechmount-box-blog themetechmount-blogbox-format- tm-no-featured-content themetechmount-box-view-left-image themetechmount-blog-box-view-left-image\">\n\t<div class=\"post-item\">\n\t\t<div class=\"themetechmount-box-content\">\n\t\t\t<div class=\"col-md-5 themetechmount-box-img-left\">\n\t\t\t\t<div class=\"tm-featured-outer-wrapper tm-post-featured-outer-wrapper\">\n\t\t\t\t\t\t\n\t\t\t\t<\/div>\n\t\t\t<\/div>\n\t\t\t<div class=\"themetechmount-box-content col-md-7\">\n\t\t\t\t<div class=\"themetechmount-box-content-inner\">\n\t\t\t\t\t<div class=\"entry-header\">\n\t\t\t\t\t\t\t\t\t\t\t\t\t\t<div class=\"tm-post-categories\"><span class=\"tm-meta-line cat-links\"><span class=\"screen-reader-text tm-hide\">Categories <\/span><a href=\"https:\/\/reunir.u-naziboni.bf\/en\/category\/publication\/\">Publication<\/a><\/span><\/div>\n\t\t\t\t\t\t\t\t\t\t\t\t<div class=\"themetechmount-box-title\"><h4><a href=\"https:\/\/reunir.u-naziboni.bf\/en\/apport-de-la-recherche-a-la-construction-de-la-resilience-au-sahel-recueil-de-resumes-de-memoires-des-etudiants-des-universites-membres-de-reunir\/\">APPORT DE LA RECHERCHE A LA CONSTRUCTION DE LA RESILIENCE AU SAHEL : Recueil de r\u00e9sum\u00e9s de m\u00e9moires des \u00e9tudiants des Universit\u00e9s membres de REUNIR<\/a><\/h4><\/div>\t\t\t\t\t\t\n\t\t\t\t\t<\/div>\n\t\t\t\t\t<div class=\"themetechmount-box-desc\">\t\t\t\t\t\n\t\t\t\t\t\t<div class=\"themetechmount-box-desc-text\">Recueil de r\u00e9sum\u00e9s de m\u00e9moires des \u00e9tudiants des Universit\u00e9s membres de REUNIRT\u00e9l\u00e9charger...<\/div>\t\n\t\t\t\t\t<\/div>\n\t\t\t\t<\/div>\n\t\t\t\t<div class=\"tm-entry-footer\">\t\t\n\t\t\t\t\t\t\t\t\t\t<span class=\"themetechmount-meta-line posted-on\">\n\t\t\t\t\t\t<span class=\"screen-reader-text themetechmount-hide\">Posted on <\/span>\n\t\t\t\t\t\t<a href=\"https:\/\/reunir.u-naziboni.bf\/en\/apport-de-la-recherche-a-la-construction-de-la-resilience-au-sahel-recueil-de-resumes-de-memoires-des-etudiants-des-universites-membres-de-reunir\/\" rel=\"bookmark\">\n\t\t\t\t\t\t<time class=\"entry-date published\" datetime=\"2024-12-02T12:11:46+00:00\">2 December 2024<\/time>\n\t\t\t\t\t\t<time class=\"updated themetechmount-hide\" datetime=\"2024-12-07T12:36:14+00:00\">7 December 2024<\/time>\n\t\t\t\t\t\t<\/a>\n\t\t\t\t\t<\/span>\t\t\t\t\n\t\t\t\t<\/div>\t\t\t\t\t\n\t\t\t<\/div>\n\t\t<\/div>\n\t<\/div>\n<\/article>\n<\/div><div class=\"tm-box-col-wrapper col-lg-6 col-sm-6 col-md-6 col-xs-12 colloque\"><article class=\"themetechmount-box themetechmount-box-blog themetechmount-blogbox-format- tm-no-featured-content themetechmount-box-view-left-image themetechmount-blog-box-view-left-image\">\n\t<div class=\"post-item\">\n\t\t<div class=\"themetechmount-box-content\">\n\t\t\t<div class=\"col-md-5 themetechmount-box-img-left\">\n\t\t\t\t<div class=\"tm-featured-outer-wrapper tm-post-featured-outer-wrapper\">\n\t\t\t\t\t\t\n\t\t\t\t<\/div>\n\t\t\t<\/div>\n\t\t\t<div class=\"themetechmount-box-content col-md-7\">\n\t\t\t\t<div class=\"themetechmount-box-content-inner\">\n\t\t\t\t\t<div class=\"entry-header\">\n\t\t\t\t\t\t\t\t\t\t\t\t\t\t<div class=\"tm-post-categories\"><span class=\"tm-meta-line cat-links\"><span class=\"screen-reader-text tm-hide\">Categories <\/span><a href=\"https:\/\/reunir.u-naziboni.bf\/en\/category\/colloque\/\">Conference<\/a><\/span><\/div>\n\t\t\t\t\t\t\t\t\t\t\t\t<div class=\"themetechmount-box-title\"><h4><a href=\"https:\/\/reunir.u-naziboni.bf\/en\/actes-du-colloque-international-sur-migration-changement-climatique-securite-alimentaire-et-resilience-au-sahel\/\">Actes du Colloque International sur : Migration, Changement Climatique, S\u00e9curit\u00e9 Alimentaire et R\u00e9silience au Sahel<\/a><\/h4><\/div>\t\t\t\t\t\t\n\t\t\t\t\t<\/div>\n\t\t\t\t\t<div class=\"themetechmount-box-desc\">\t\t\t\t\t\n\t\t\t\t\t\t<div class=\"themetechmount-box-desc-text\">REUNIR_Articles-Colloque-2025T\u00e9l\u00e9charger...<\/div>\t\n\t\t\t\t\t<\/div>\n\t\t\t\t<\/div>\n\t\t\t\t<div class=\"tm-entry-footer\">\t\t\n\t\t\t\t\t\t\t\t\t\t<span class=\"themetechmount-meta-line posted-on\">\n\t\t\t\t\t\t<span class=\"screen-reader-text themetechmount-hide\">Posted on <\/span>\n\t\t\t\t\t\t<a href=\"https:\/\/reunir.u-naziboni.bf\/en\/actes-du-colloque-international-sur-migration-changement-climatique-securite-alimentaire-et-resilience-au-sahel\/\" rel=\"bookmark\">\n\t\t\t\t\t\t<time class=\"entry-date published\" datetime=\"2024-12-01T17:37:03+00:00\">1 December 2024<\/time>\n\t\t\t\t\t\t<time class=\"updated themetechmount-hide\" datetime=\"2025-06-16T08:57:06+00:00\">16 June 2025<\/time>\n\t\t\t\t\t\t<\/a>\n\t\t\t\t\t<\/span>\t\t\t\t\n\t\t\t\t<\/div>\t\t\t\t\t\n\t\t\t<\/div>\n\t\t<\/div>\n\t<\/div>\n<\/article>\n<\/div>\n\t\t\t<\/div>\n\t\t<div class=\"clearfix\"><\/div><div class=\"themetechmount-pagination\"><span aria-current=\"page\" class=\"page-numbers current\">1<\/span>\n<a class=\"page-numbers\" href=\"https:\/\/reunir.u-naziboni.bf\/en\/wp-json\/wp\/v2\/pages\/837\/page\/2\/\">2<\/a>\n<a class=\"page-numbers\" href=\"https:\/\/reunir.u-naziboni.bf\/en\/wp-json\/wp\/v2\/pages\/837\/page\/3\/\">3<\/a>\n<a class=\"next page-numbers\" href=\"https:\/\/reunir.u-naziboni.bf\/en\/wp-json\/wp\/v2\/pages\/837\/page\/2\/\"><span class=\"tm-hide tm-pagination-text tm-pagination-text-next\">Next page<\/span> <i class=\"tm-labpeak-icon-arrow-right\"><\/i><\/a><\/div><!-- .themetechmount-pagination --><\/div><!-- .themetechmount-boxes-inner -->   <\/div><!-- .themetechmount-boxes -->  \t\t<\/div>\n\t<\/div>\n<\/div>\n\n\n\n\t\t\n\t<\/div>","protected":false},"excerpt":{"rendered":"REUNIR_Articles-Colloque-2025T\u00e9l\u00e9charger","protected":false},"author":1,"featured_media":0,"parent":0,"menu_order":19,"comment_status":"closed","ping_status":"closed","template":"","meta":{"om_disable_all_campaigns":false,"_monsterinsights_skip_tracking":false,"_monsterinsights_sitenote_active":false,"_monsterinsights_sitenote_note":"","_monsterinsights_sitenote_category":0,"_uf_show_specific_survey":0,"_uf_disable_surveys":false,"footnotes":""},"class_list":["post-837","page","type-page","status-publish","hentry"],"aioseo_notices":[],"_links":{"self":[{"href":"https:\/\/reunir.u-naziboni.bf\/en\/wp-json\/wp\/v2\/pages\/837","targetHints":{"allow":["GET"]}}],"collection":[{"href":"https:\/\/reunir.u-naziboni.bf\/en\/wp-json\/wp\/v2\/pages"}],"about":[{"href":"https:\/\/reunir.u-naziboni.bf\/en\/wp-json\/wp\/v2\/types\/page"}],"author":[{"embeddable":true,"href":"https:\/\/reunir.u-naziboni.bf\/en\/wp-json\/wp\/v2\/users\/1"}],"replies":[{"embeddable":true,"href":"https:\/\/reunir.u-naziboni.bf\/en\/wp-json\/wp\/v2\/comments?post=837"}],"version-history":[{"count":0,"href":"https:\/\/reunir.u-naziboni.bf\/en\/wp-json\/wp\/v2\/pages\/837\/revisions"}],"wp:attachment":[{"href":"https:\/\/reunir.u-naziboni.bf\/en\/wp-json\/wp\/v2\/media?parent=837"}],"curies":[{"name":"wp","href":"https:\/\/api.w.org\/{rel}","templated":true}]}}