{"id":897,"date":"2019-11-26T12:34:20","date_gmt":"2019-11-26T11:34:20","guid":{"rendered":"http:\/\/labpeak.themetechmount.net\/?page_id=897"},"modified":"2025-11-15T10:22:07","modified_gmt":"2025-11-15T10:22:07","slug":"ressources","status":"publish","type":"page","link":"https:\/\/reunir.u-naziboni.bf\/en\/ressources\/","title":{"rendered":"Resources"},"content":{"rendered":"<section class=\"vc_section\">\n\n\n\n<div class=\"tm-row wpb_row vc_row-fluid vc_column-gap-default tm-zindex-0 vc_row container tm-bgimage-position-center_center\">\n\n\t\t\n\t\t\n\t\t\n\n<div class=\"wpb_column tm-column vc_column_container vc_col-sm-12 tm-zindex-0\">\n\t<div class=\"vc_column-inner\">\n\t\t\t\t<div class=\"wpb_wrapper\">\n\t\t\t\n<div class=\"tm-row-inner vc_row wpb_row vc_inner vc_row-fluid tm-zindex-0\">\n\t\n<div class=\"wpb_column tm-column-inner vc_column_container vc_col-sm-12 tm-zindex-0\">\n\t<div class=\"vc_column-inner\">\n\t\t \n\t\t<div class=\"wpb_wrapper\">\n\t\t\t<div class=\"themetechmount-boxes themetechmount-boxes-service themetechmount-boxes-view-default themetechmount-boxes-col-two themetechmount-boxes-sortable-no themetechmount-boxes-textalign-center tm-cta3-rev-heading\">\n\t\t<div class=\"themetechmount-boxes-inner themetechmount-boxes-service-inner\"><div class=\"themetechmount-box-heading-wrapper tm-element-align-center\"><div class=\"tm-element-heading-wrapper tm-heading-inner tm-element-align-center tm-seperator-none tm-heading-style-vertical\"><section class=\"tm-vc_cta3-container\"><div class=\"tm-vc_general tm-vc_cta3 tm-cta3-only tm-vc_cta3-style-classic tm-vc_cta3-shape-rounded tm-vc_cta3-align-center tm-vc_cta3-color-transparent tm-vc_cta3-icon-size-md tm-vc_cta3-actions-no tm-cta3-without-desc\"><div class=\"tm-vc_cta3_content-container\"><div class=\"tm-vc_cta3-content\"><header class=\"tm-vc_cta3-content-header tm-wrap\"><div class=\"tm-vc_cta3-headers tm-wrap-cell\"><h2 class=\"tm-custom-heading\" >WORKSHOP<\/h2>\n<\/div><div class=\"heading-seperator\"><span><\/span><\/div><\/header><\/div><\/div><\/div><\/section><\/div> <!-- .tm-element-heading-wrapper container --> <\/div> <!-- .tm-element-heading-wrapper container --> \n\t\t\t\n\t\t\t<div class=\"row multi-columns-row themetechmount-boxes-row-wrapper\">\n\t\t\t\t<div class=\"tm-box-col-wrapper col-lg-6 col-sm-6 col-md-6 col-xs-12\"><article class=\"themetechmount-box themetechmount-box-service themetechmount-box-view-top-image themetechmount-service-box-view-top-image\">\r\n\t<div class=\"themetechmount-post-item\">\t\r\n\t\t<div class=\"themetechmount-post-item-inner\">\r\n\t\t\t<div class=\"tm-featured-wrapper tm-tm_service-featured-wrapper\"><a href=\"https:\/\/reunir.u-naziboni.bf\/en\/service\/renforcement-des-capacites-des-enseignants\/\"><img loading=\"lazy\" decoding=\"async\" width=\"740\" height=\"450\" src=\"https:\/\/reunir.u-naziboni.bf\/wp-content\/uploads\/2023\/01\/REUNIR-ATELIER-740x450.png\" class=\"attachment-themetechmount-img-size-two size-themetechmount-img-size-two wp-post-image\" alt=\"\" data-id=\"2548\" \/><\/a><\/div>\t\t\r\n\t\t<\/div>\t\t\r\n\t\t<div class=\"themetechmount-box-bottom-content\">\t\t\t\t\r\n\t\t\t<div class=\"themetechmount-box-icon\"><div class=\"tm-service-iconbox\"><span class=\"tm-service-icon\"><i class=\"kw_labpeak flaticon-dna\"><\/i><\/span><\/div><\/div>\r\n\t\t\t<div class=\"themetechmount-box-desc\">\r\n\t\t\t\t<div class=\"themetechmount-box-title\"><h4><a href=\"https:\/\/reunir.u-naziboni.bf\/en\/service\/renforcement-des-capacites-des-enseignants\/\">Capacity building for Teachers \u2013 Researchers from Universities members of the Sahel Universities Network for Resilience on 3PA tools<\/a><\/h4><\/div>\t\t\t\t<div class=\"tm-short-desc\">\r\n\t\t\t\t\t<p>The service from discovery intensive for search ensues to find drives accelerated by delivery of preclinical candidate.<\/p>\n\t\t\t\t<\/div>\r\n\t\t\t<\/div>\r\n\t\t<\/div>\r\n\t<\/div>\r\n<\/article><\/div>\n\t\t\t<\/div>\n\t\t<\/div><!-- .themetechmount-boxes-inner -->   <\/div><!-- .themetechmount-boxes -->  \t\t<\/div>\n\t<\/div>\n<\/div>\n\n<\/div>\n\n\t\t<\/div>\n\t<\/div>\n<\/div>\n\n\n\n\t\t\n\t<\/div>\n\n\n\n\n\n\n\n<\/section>\n\n\n\n<div class=\"tm-row wpb_row vc_row-fluid vc_custom_1606799164746 tm-responsive-custom-91471106 vc_column-gap-default break-991-colum tm-zindex-0 vc_row container tm-bgimage-position-center_center\">\n\n\t\t\n\t\t\n\t\t\n\n<div class=\"wpb_column tm-column vc_column_container vc_col-sm-12 tm-zindex-0\">\n\t<div class=\"vc_column-inner\">\n\t\t\t\t<div class=\"wpb_wrapper\">\n\t\t\t\n<div class=\"tm-row-inner vc_row wpb_row vc_inner vc_row-fluid tm-responsive-custom-58793688 tm-zindex-0\">\n\t\n<div class=\"wpb_column tm-column-inner vc_column_container vc_col-sm-12 tm-zindex-0\">\n\t<div class=\"vc_column-inner\">\n\t\t \n\t\t<div class=\"wpb_wrapper\">\n\t\t\t\n\t<div  class=\"wpb_single_image wpb_content_element vc_align_center\">\n\t\t\n\t\t<figure class=\"wpb_wrapper vc_figure\">\n\t\t\t<div class=\"vc_single_image-wrapper   vc_box_border_grey\"><img loading=\"lazy\" decoding=\"async\" width=\"1080\" height=\"720\" src=\"https:\/\/reunir.u-naziboni.bf\/wp-content\/uploads\/2022\/01\/REUNIR-RESSOURCES-img1.png\" class=\"vc_single_image-img attachment-full\" alt=\"\" srcset=\"https:\/\/reunir.u-naziboni.bf\/wp-content\/uploads\/2022\/01\/REUNIR-RESSOURCES-img1.png 1080w, https:\/\/reunir.u-naziboni.bf\/wp-content\/uploads\/2022\/01\/REUNIR-RESSOURCES-img1-300x200.png 300w, https:\/\/reunir.u-naziboni.bf\/wp-content\/uploads\/2022\/01\/REUNIR-RESSOURCES-img1-1024x683.png 1024w, https:\/\/reunir.u-naziboni.bf\/wp-content\/uploads\/2022\/01\/REUNIR-RESSOURCES-img1-768x512.png 768w\" sizes=\"auto, (max-width: 1080px) 100vw, 1080px\" data-id=\"2340\" \/><\/div>\n\t\t<\/figure>\n\t<\/div>\n\t\t<\/div>\n\t<\/div>\n<\/div>\n\n<\/div>\n\n\t\t<\/div>\n\t<\/div>\n<\/div>\n\n\n\n\t\t\n\t<\/div>\n\n\n\n\n\n\n\n\n\n\n\n<div data-vc-full-width=\"true\" data-vc-full-width-init=\"false\" class=\"tm-row wpb_row vc_row-fluid vc_custom_1676542376278 vc_row-has-fill vc_column-gap-default break-1200-colum tm-zindex-0 tm-textcolor-white tm-bgcolor-skincolor tm-bgimage-position-center_center tm-bgimage-fixed tm-bg tm-bgimage-yes\">\n\n\t\t\t<div class=\"tm-row-wrapper-bg-layer tm-bg-layer\"><\/div><!-- ThemetechMount custom DIV added -->\n\t\t\n\t <div class=\"vc_row container\"> \t\n\t\t\n\n<div class=\"wpb_column tm-column vc_column_container vc_col-sm-6 tm-zindex-0\">\n\t<div class=\"vc_column-inner vc_custom_1606728246026 tm-responsive-custom-14397397\">\n\t\t\t\t<div class=\"wpb_wrapper\">\n\t\t\t<div class=\"tm-element-heading-wrapper tm-heading-inner tm-element-align-left tm-seperator-none tm-heading-style-vertical\"><section class=\"tm-vc_cta3-container\"><div class=\"tm-vc_general tm-vc_cta3 tm-cta3-only tm-vc_cta3-style-classic tm-vc_cta3-shape-rounded tm-vc_cta3-align-left tm-vc_cta3-color-transparent tm-vc_cta3-icon-size-md tm-vc_cta3-actions-no tm-cta3-without-desc\"><div class=\"tm-vc_cta3_content-container\"><div class=\"tm-vc_cta3-content\"><header class=\"tm-vc_cta3-content-header tm-wrap\"><div class=\"tm-vc_cta3-headers tm-wrap-cell\"><h4 class=\"tm-custom-heading\" >PUBLICATIONS<\/h4>\n<h2 class=\"tm-custom-heading\" >WORKS<\/h2>\n<\/div><div class=\"heading-seperator\"><span><\/span><\/div><\/header><\/div><\/div><\/div><\/section><\/div> <!-- .tm-element-heading-wrapper container --> <ul class=\"tm-list tm-list-style-icon tm-list-icon-color-white tm-white tm-icon-white tm-list-textsize- tm-list-icon-library-themify tm-font-weight-regular\"><li><i class=\"tm-white themifyicon ti-angle-double-right\"><\/i>  <span class=\"tm-list-li-content\"><b>REUNIR SCIENTIFIC PARTNERSHIP - PAM: <\/b>\nCONTRIBUTION OF RESEARCH FOR A CHANGE OF PARADIGM IN THE OPERATIONALIZATION OF THE RESILIENCE APPROACH IN THE SAHEL<\/span><\/li><li><i class=\"tm-white themifyicon ti-angle-double-right\"><\/i>  <span class=\"tm-list-li-content\"><b>ACTES DU COLLOQUE INTERNATIONAL SUR :<\/b>\nMigration, Changement Climatique, S\u00e9curit\u00e9 Alimentaire et R\u00e9silience au Sahel<\/span><\/li><li><i class=\"tm-white themifyicon ti-angle-double-right\"><\/i>  <span class=\"tm-list-li-content\"><b>APPORT DE LA RECHERCHE A LA CONSTRUCTION DE LA RESILIENCE AU SAHEL :<\/b>\nRecueil de r\u00e9sum\u00e9s de m\u00e9moires des \u00e9tudiants des Universit\u00e9s membres de REUNIR<\/span><\/li><li><i class=\"tm-white themifyicon ti-angle-double-right\"><\/i>  <span class=\"tm-list-li-content\">TH\u00c8SE - Evaluation du potentiel de productivit\u00e9 des terres agricoles d\u00e9grad\u00e9es, r\u00e9cup\u00e9r\u00e9es \u00e0 l\u2019aide des demi-lunes et l\u2019impact de leur mise en valeur sur les conditions de vie des producteurs du D\u00e9partement de Bagaroua (R\u00e9gion de Tahoua)<\/span><\/li><li><i class=\"tm-white themifyicon ti-angle-double-right\"><\/i>  <span class=\"tm-list-li-content\">TH\u00c8SE - Evaluation des effets biophysiques, des services \u00e9cosyst\u00e9miques et de la rentabilit\u00e9 de la fixation des dunes dans les syst\u00e8mes oasiens du Manga (Sud-Est du Niger)<\/span><\/li><li><i class=\"tm-white themifyicon ti-angle-double-right\"><\/i>  <span class=\"tm-list-li-content\">TH\u00c8SE - Am\u00e9lioration du potentiel de production d\u2019un sol ferrugineux tropical et des \nconditions de vie des producteurs par la pratique de la R\u00e9g\u00e9n\u00e9ration Naturelle Assist\u00e9e (RNA) en zone sah\u00e9lienne : cas des terroirs villageois de Boussaragui et Dan Saga (R\u00e9gion de Maradi)<\/span><\/li><li><i class=\"tm-white themifyicon ti-angle-double-right\"><\/i>  <span class=\"tm-list-li-content\">TH\u00c8SE - Etudes des impacts \u00e9cologiques et socio-\u00e9conomiques des actions de restauration des terres des sites sylvo-pastoraux dans le nord-ouest nig\u00e9rien <\/span><\/li><li><i class=\"tm-white themifyicon ti-angle-double-right\"><\/i>  <span class=\"tm-list-li-content\">TH\u00c8SE - Demi-lunes multifonctionnelles et classiques : Caract\u00e9ristiques, Fonctionnement, Productivit\u00e9 et Rentabilit\u00e9 socio-\u00e9conomique dans le D\u00e9partement de Loga (Niger-Ouest) <\/span><\/li><\/ul>\t\t<\/div>\n\t<\/div>\n<\/div>\n\n\n\n\n\n<div class=\"wpb_column tm-column vc_column_container vc_col-sm-6 tm-zindex-0\">\n\t<div class=\"vc_column-inner vc_custom_1606389119891 tm-responsive-custom-16126646\">\n\t\t\t\t<div class=\"wpb_wrapper\">\n\t\t\t\n<div class=\"tm-row-inner vc_row wpb_row vc_inner vc_row-fluid tm-boxtexthover vc_custom_1606388579426 tm-responsive-custom-12281437 vc_column-gap-30 vc_row-o-equal-height vc_row-flex tm-zindex-0\">\n\t\n<div class=\"wpb_column tm-column-inner vc_column_container vc_col-sm-6 vc_col-has-fill tm-zindex-0\">\n\t<div class=\"vc_column-inner vc_custom_1647419772032\">\n\t\t \n\t\t<div class=\"wpb_wrapper\">\n\t\t\t<div class=\"vc-hoverbox-wrapper  vc-hoverbox-shape--rounded vc-hoverbox-align--center vc-hoverbox-direction--default vc-hoverbox-width--100\"  ontouchstart=\"\">\n  <div class=\"vc-hoverbox\">\n    <div class=\"vc-hoverbox-inner\">\n      <div class=\"vc-hoverbox-block vc-hoverbox-front\" style=\"background-image: url(https:\/\/reunir.u-naziboni.bf\/wp-content\/uploads\/2022\/03\/image_2022-03-16_082555.png);\">\n        <div class=\"vc-hoverbox-block-inner vc-hoverbox-front-inner\">\n            \n        <\/div>\n      <\/div>\n      <div class=\"vc-hoverbox-block vc-hoverbox-back\" style=\"background-color: #1e73be;\">\n        <div class=\"vc-hoverbox-block-inner vc-hoverbox-back-inner\">\n            <h2 style=\"font-size: 14px;color: #ffffff;line-height: 14px;text-align: center;font-family:Magra;font-weight:700;font-style:normal\" class=\"vc_custom_heading\" ><a href=\"https:\/\/reunir.u-naziboni.bf\/en\/partenariat-scientifique-reunir-pam-apport-de-la-recherche-pour-un-changement-de-paradigme-dans-loperationnalisation-de-lapproche-resilience-au-sahel\/\" target=\"_blank\">SCIENTIFIC PARTNERSHIP REUNIR - PAM<\/a><\/h2>\n            <p>CONTRIBUTION OF RESEARCH FOR A CHANGE OF PARADIGM IN THE OPERATIONALIZATION OF THE RESILIENCE APPROACH IN THE SAHEL<\/p>\n\n            <div class=\"vc_btn3-container vc_btn3-inline\" ><a class=\"vc_general vc_btn3 vc_btn3-size-md vc_btn3-shape-rounded vc_btn3-style-outline vc_btn3-color-grey\" href=\"https:\/\/reunir.u-naziboni.bf\/en\/partenariat-scientifique-reunir-pam-apport-de-la-recherche-pour-un-changement-de-paradigme-dans-loperationnalisation-de-lapproche-resilience-au-sahel\/\" title=\"PARTENARIAT SCIENTIFIQUE REUNIR - PAM APPORT DE LA RECHERCHE POUR UN CHANGEMENT DE PARADIGME DANS L&#039;OPERATIONNALISATION DE L&#039;APPROCHE RESILIENCE AU SAHEL\" target=\"_blank\">Read<\/a><\/div>\n        <\/div>\n      <\/div>\n    <\/div>\n  <\/div>\n<\/div>\t\t<\/div>\n\t<\/div>\n<\/div>\n\n\n<div class=\"wpb_column tm-column-inner vc_column_container vc_col-sm-6 vc_col-has-fill tm-zindex-0\">\n\t<div class=\"vc_column-inner vc_custom_1733574666528\">\n\t\t \n\t\t<div class=\"wpb_wrapper\">\n\t\t\t<div class=\"vc-hoverbox-wrapper  vc-hoverbox-shape--rounded vc-hoverbox-align--center vc-hoverbox-direction--default vc-hoverbox-width--100\"  ontouchstart=\"\">\n  <div class=\"vc-hoverbox\">\n    <div class=\"vc-hoverbox-inner\">\n      <div class=\"vc-hoverbox-block vc-hoverbox-front\" style=\"background-image: url(https:\/\/reunir.u-naziboni.bf\/wp-content\/uploads\/2024\/12\/REUNIR-Actes-du-colloque.png);\">\n        <div class=\"vc-hoverbox-block-inner vc-hoverbox-front-inner\">\n            \n        <\/div>\n      <\/div>\n      <div class=\"vc-hoverbox-block vc-hoverbox-back\" style=\"background-color: #1e73be;\">\n        <div class=\"vc-hoverbox-block-inner vc-hoverbox-back-inner\">\n            <h2 style=\"font-size: 14px;color: #ffffff;line-height: 14px;text-align: center\" class=\"vc_custom_heading\" ><a href=\"https:\/\/reunir.u-naziboni.bf\/en\/actes-du-colloque-international-sur-migration-changement-climatique-securite-alimentaire-et-resilience-au-sahel\/\" target=\"_blank\">ACTES DU COLLOQUE INTERNATIONAL SUR<\/a><\/h2>\n            <p>Migration, Changement Climatique, S\u00e9curit\u00e9 Alimentaire et R\u00e9silience au Sahel<\/p>\n\n            <div class=\"vc_btn3-container vc_btn3-inline\" ><a class=\"vc_general vc_btn3 vc_btn3-size-md vc_btn3-shape-rounded vc_btn3-style-outline vc_btn3-color-grey\" href=\"https:\/\/reunir.u-naziboni.bf\/en\/actes-du-colloque-international-sur-migration-changement-climatique-securite-alimentaire-et-resilience-au-sahel\/\" title=\"ACTES DU COLLOQUE INTERNATIONAL SUR : Migration, Changement Climatique, S\u00e9curit\u00e9 Alimentaire et R\u00e9silience au Sahel\" target=\"_blank\">Read<\/a><\/div>\n        <\/div>\n      <\/div>\n    <\/div>\n  <\/div>\n<\/div>\t\t<\/div>\n\t<\/div>\n<\/div>\n\n<\/div>\n\n\n<div class=\"tm-row-inner vc_row wpb_row vc_inner vc_row-fluid tm-boxtexthover vc_custom_1606388579426 tm-responsive-custom-12281437 vc_column-gap-30 vc_row-o-equal-height vc_row-flex tm-zindex-0\">\n\t\n<div class=\"wpb_column tm-column-inner vc_column_container vc_col-sm-6 vc_col-has-fill tm-zindex-0\">\n\t<div class=\"vc_column-inner vc_custom_1647419772032\">\n\t\t \n\t\t<div class=\"wpb_wrapper\">\n\t\t\t<div class=\"vc-hoverbox-wrapper  vc-hoverbox-shape--rounded vc-hoverbox-align--center vc-hoverbox-direction--default vc-hoverbox-width--100\"  ontouchstart=\"\">\n  <div class=\"vc-hoverbox\">\n    <div class=\"vc-hoverbox-inner\">\n      <div class=\"vc-hoverbox-block vc-hoverbox-front\" style=\"background-image: url(https:\/\/reunir.u-naziboni.bf\/wp-content\/uploads\/2024\/12\/Recueil-de-resumes-de-memoires-des-etudiants-des-Universites-membres-de-REUNIR.png);\">\n        <div class=\"vc-hoverbox-block-inner vc-hoverbox-front-inner\">\n            \n        <\/div>\n      <\/div>\n      <div class=\"vc-hoverbox-block vc-hoverbox-back\" style=\"background-color: #1e73be;\">\n        <div class=\"vc-hoverbox-block-inner vc-hoverbox-back-inner\">\n            <h2 style=\"font-size: 14px;color: #ffffff;line-height: 14px;text-align: center\" class=\"vc_custom_heading\" ><a href=\"https:\/\/reunir.u-naziboni.bf\/en\/apport-de-la-recherche-a-la-construction-de-la-resilience-au-sahel-recueil-de-resumes-de-memoires-des-etudiants-des-universites-membres-de-reunir\/\" target=\"_blank\">APPORT DE LA RECHERCHE A LA CONSTRUCTION DE LA RESILIENCE AU SAHEL<\/a><\/h2>\n            <p>Recueil de r\u00e9sum\u00e9s de m\u00e9moires des \u00e9tudiants des Universit\u00e9s membres de REUNIR<\/p>\n\n            <div class=\"vc_btn3-container vc_btn3-inline\" ><a class=\"vc_general vc_btn3 vc_btn3-size-md vc_btn3-shape-rounded vc_btn3-style-outline vc_btn3-color-grey\" href=\"https:\/\/reunir.u-naziboni.bf\/en\/apport-de-la-recherche-a-la-construction-de-la-resilience-au-sahel-recueil-de-resumes-de-memoires-des-etudiants-des-universites-membres-de-reunir\/\" title=\"APPORT DE LA RECHERCHE A LA CONSTRUCTION DE LA RESILIENCE AU SAHEL : Recueil de r\u00e9sum\u00e9s de m\u00e9moires des \u00e9tudiants des Universit\u00e9s membres de REUNIR\" target=\"_blank\">Read<\/a><\/div>\n        <\/div>\n      <\/div>\n    <\/div>\n  <\/div>\n<\/div>\t\t<\/div>\n\t<\/div>\n<\/div>\n\n<\/div>\n\n\t\t<\/div>\n\t<\/div>\n<\/div>\n\n\n\n\t\t\n\t <\/div> <\/div>\n\n\n<div class=\"vc_row-full-width vc_clearfix\"><\/div>\n\n\n\n\n<section class=\"vc_section vc_custom_1642405075378\">\n\n\n\n<div class=\"tm-row wpb_row vc_row-fluid tm-responsive-custom-99179238 vc_column-gap-default tm-shadow-row tm-zindex-0 vc_row container tm-bgimage-position-center_center\">\n\n\t\t\n\t\t\n\t\t\n\n<div class=\"wpb_column tm-column vc_column_container vc_col-sm-12 tm-zindex-0\">\n\t<div class=\"vc_column-inner\">\n\t\t\t\t<div class=\"wpb_wrapper\">\n\t\t\t<div class=\"tm-element-heading-wrapper tm-heading-inner tm-element-align-center tm-seperator-none tm-heading-style-vertical  vc_custom_1653833673255\"><section class=\"tm-vc_cta3-container\"><div class=\"tm-vc_general tm-vc_cta3 tm-cta3-only tm-vc_cta3-style-classic tm-vc_cta3-shape-rounded tm-vc_cta3-align-center tm-vc_cta3-color-transparent tm-vc_cta3-icon-size-md tm-vc_cta3-actions-no tm-cta3-without-desc\"><div class=\"tm-vc_cta3_content-container\"><div class=\"tm-vc_cta3-content\"><header class=\"tm-vc_cta3-content-header tm-wrap\"><div class=\"tm-vc_cta3-headers tm-wrap-cell\"><h4 class=\"tm-custom-heading\" >OUR<\/h4>\n<h2 class=\"tm-custom-heading\" >VIDEOS<\/h2>\n<\/div><div class=\"heading-seperator\"><span><\/span><\/div><\/header><\/div><\/div><\/div><\/section><\/div> <!-- .tm-element-heading-wrapper container --> \n\t<div class=\"wpb_video_widget wpb_content_element vc_clearfix   vc_video-aspect-ratio-169 vc_video-el-width-100 vc_video-align-left\" >\n\t\t<div class=\"wpb_wrapper\">\n\t\t\t<h2 class=\"wpb_heading wpb_video_heading\">Climate change adaptation strategies<\/h2>\n\t\t\t<div class=\"wpb_video_wrapper\"><iframe loading=\"lazy\" title=\"climate change adaptation strategies: Sar\u00e9 Bidji commune, Kolda\" width=\"847\" height=\"476\" src=\"https:\/\/www.youtube.com\/embed\/7stOACNAJIo?feature=oembed\" frameborder=\"0\" allow=\"accelerometer; autoplay; clipboard-write; encrypted-media; gyroscope; picture-in-picture; web-share\" allowfullscreen><\/iframe><\/div>\n\t\t<\/div>\n\t<\/div>\n\t\t<\/div>\n\t<\/div>\n<\/div>\n\n\n\n\t\t\n\t<\/div>\n\n\n\n\n\n\n\n<\/section>\n\n\n\n<div data-vc-full-width=\"true\" data-vc-full-width-init=\"false\" class=\"tm-row wpb_row vc_row-fluid tm-container-row1140 vc_custom_1578463338366 vc_row-has-fill vc_column-gap-default tm-zindex-0 tm-bgimage-position-center_center tm-bg tm-bgimage-yes\">\n\n\t\t\t<div class=\"tm-row-wrapper-bg-layer tm-bg-layer\"><\/div><!-- ThemetechMount custom DIV added -->\n\t\t\n\t <div class=\"vc_row container\"> \t\n\t\t\n\n<div class=\"wpb_column tm-column vc_column_container vc_col-sm-12 tm-zindex-0\">\n\t<div class=\"vc_column-inner\">\n\t\t\t\t<div class=\"wpb_wrapper\">\n\t\t\t<div class=\"tm-element-heading-wrapper tm-heading-inner tm-element-align-center tm-seperator-none tm-heading-style-vertical  vc_custom_1642405706677\"><section class=\"tm-vc_cta3-container\"><div class=\"tm-vc_general tm-vc_cta3 tm-cta3-only tm-vc_cta3-style-classic tm-vc_cta3-shape-rounded tm-vc_cta3-align-center tm-vc_cta3-color-transparent tm-vc_cta3-icon-size-md tm-vc_cta3-actions-no tm-cta3-without-desc\"><div class=\"tm-vc_cta3_content-container\"><div class=\"tm-vc_cta3-content\"><header class=\"tm-vc_cta3-content-header tm-wrap\"><div class=\"tm-vc_cta3-headers tm-wrap-cell\"><h4 class=\"tm-custom-heading\" >OUR IMAGES<\/h4>\n<h2 class=\"tm-custom-heading\" >Photo library<\/h2>\n<\/div><div class=\"heading-seperator\"><span><\/span><\/div><\/header><\/div><\/div><\/div><\/section><\/div> <!-- .tm-element-heading-wrapper container --> <div class=\"wpb_images_carousel wpb_content_element vc_clearfix\"><div class=\"wpb_wrapper\"><div id=\"vc_images-carousel-1-1776108578\" data-ride=\"vc_carousel\" data-wrap=\"true\" style=\"width: 100%;\" data-interval=\"0\" data-auto-height=\"yes\" data-mode=\"horizontal\" data-partial=\"false\" data-per-view=\"1\" data-hide-on-end=\"true\" class=\"vc_slide vc_images_carousel\"><ol class=\"vc_carousel-indicators\"><li data-target=\"#vc_images-carousel-1-1776108578\" data-slide-to=\"0\"><\/li><li data-target=\"#vc_images-carousel-1-1776108578\" data-slide-to=\"1\"><\/li><li data-target=\"#vc_images-carousel-1-1776108578\" data-slide-to=\"2\"><\/li><\/ol><div class=\"vc_carousel-inner\"><div class=\"vc_carousel-slideline\"><div class=\"vc_carousel-slideline-inner\"><div class=\"vc_item\"><div class=\"vc_inner\"><a class=\"\" href=\"https:\/\/reunir.u-naziboni.bf\/wp-content\/uploads\/2022\/01\/REUNIR-img1-1024x640.png\" data-lightbox=\"lightbox[rel-72-4264640938]\"><img loading=\"lazy\" decoding=\"async\" width=\"1112\" height=\"695\" src=\"https:\/\/reunir.u-naziboni.bf\/wp-content\/uploads\/2022\/01\/REUNIR-img1.png\" class=\"attachment-full\" alt=\"\" srcset=\"https:\/\/reunir.u-naziboni.bf\/wp-content\/uploads\/2022\/01\/REUNIR-img1.png 1112w, https:\/\/reunir.u-naziboni.bf\/wp-content\/uploads\/2022\/01\/REUNIR-img1-300x188.png 300w, https:\/\/reunir.u-naziboni.bf\/wp-content\/uploads\/2022\/01\/REUNIR-img1-1024x640.png 1024w, https:\/\/reunir.u-naziboni.bf\/wp-content\/uploads\/2022\/01\/REUNIR-img1-768x480.png 768w\" sizes=\"auto, (max-width: 1112px) 100vw, 1112px\" data-id=\"2343\" \/><\/a><\/div><\/div><div class=\"vc_item\"><div class=\"vc_inner\"><a class=\"\" href=\"https:\/\/reunir.u-naziboni.bf\/wp-content\/uploads\/2022\/01\/REUNIR-img2-1024x640.png\" data-lightbox=\"lightbox[rel-72-4264640938]\"><img loading=\"lazy\" decoding=\"async\" width=\"1112\" height=\"695\" src=\"https:\/\/reunir.u-naziboni.bf\/wp-content\/uploads\/2022\/01\/REUNIR-img2.png\" class=\"attachment-full\" alt=\"\" srcset=\"https:\/\/reunir.u-naziboni.bf\/wp-content\/uploads\/2022\/01\/REUNIR-img2.png 1112w, https:\/\/reunir.u-naziboni.bf\/wp-content\/uploads\/2022\/01\/REUNIR-img2-300x188.png 300w, https:\/\/reunir.u-naziboni.bf\/wp-content\/uploads\/2022\/01\/REUNIR-img2-1024x640.png 1024w, https:\/\/reunir.u-naziboni.bf\/wp-content\/uploads\/2022\/01\/REUNIR-img2-768x480.png 768w\" sizes=\"auto, (max-width: 1112px) 100vw, 1112px\" data-id=\"2344\" \/><\/a><\/div><\/div><div class=\"vc_item\"><div class=\"vc_inner\"><a class=\"\" href=\"https:\/\/reunir.u-naziboni.bf\/wp-content\/uploads\/2022\/01\/REUNIR-img3-1024x640.png\" data-lightbox=\"lightbox[rel-72-4264640938]\"><img loading=\"lazy\" decoding=\"async\" width=\"1112\" height=\"695\" src=\"https:\/\/reunir.u-naziboni.bf\/wp-content\/uploads\/2022\/01\/REUNIR-img3.png\" class=\"attachment-full\" alt=\"\" srcset=\"https:\/\/reunir.u-naziboni.bf\/wp-content\/uploads\/2022\/01\/REUNIR-img3.png 1112w, https:\/\/reunir.u-naziboni.bf\/wp-content\/uploads\/2022\/01\/REUNIR-img3-300x188.png 300w, https:\/\/reunir.u-naziboni.bf\/wp-content\/uploads\/2022\/01\/REUNIR-img3-1024x640.png 1024w, https:\/\/reunir.u-naziboni.bf\/wp-content\/uploads\/2022\/01\/REUNIR-img3-768x480.png 768w\" sizes=\"auto, (max-width: 1112px) 100vw, 1112px\" data-id=\"2345\" \/><\/a><\/div><\/div><\/div><\/div><\/div><a class=\"vc_left vc_carousel-control\" href=\"#vc_images-carousel-1-1776108578\" data-slide=\"prev\"><span class=\"icon-prev\"><\/span><\/a><a class=\"vc_right vc_carousel-control\" href=\"#vc_images-carousel-1-1776108578\" data-slide=\"next\"><span class=\"icon-next\"><\/span><\/a><\/div><\/div><\/div>\t\t<\/div>\n\t<\/div>\n<\/div>\n\n\n\n\t\t\n\t <\/div> <\/div>\n\n\n<div class=\"vc_row-full-width vc_clearfix\"><\/div>","protected":false},"excerpt":{"rendered":"I. Contexte et objectifs de l\u2019atelier Dans le cadre de ses activit\u00e9s, le R\u00e9seau des Universit\u00e9s du Sahel pour la R\u00e9silience (REUNIR),\u00a0avec\u00a0l\u2019appui\u00a0du\u00a0PAM,\u00a0a\u00a0organis\u00e9\u00a0du\u00a010\u00a0au\u00a022\u00a0octobre\u00a02022, \u00e0 l\u2019Universit\u00e9 Abdou Moumouni de Niamey (Niger) dans les locaux de l\u2019\u00c9cole Normale Sup\u00e9rieure, un atelier de formation d\u2019enseignants chercheurs, futurs formateurs sur les modules de l\u2019approche 3PA. L\u2019atelier a regroup\u00e9 19 enseignants-chercheurs &hellip; <a href=\"https:\/\/reunir.u-naziboni.bf\/en\/service\/renforcement-des-capacites-des-enseignants\/\" class=\"more-link\">Continue reading <span class=\"screen-reader-text\">Capacity building for Teachers \u2013 Researchers from Universities members of the Sahel Universities Network for Resilience on 3PA tools<\/span><\/a>","protected":false},"author":1,"featured_media":0,"parent":0,"menu_order":9,"comment_status":"closed","ping_status":"closed","template":"","meta":{"om_disable_all_campaigns":false,"_monsterinsights_skip_tracking":false,"_monsterinsights_sitenote_active":false,"_monsterinsights_sitenote_note":"","_monsterinsights_sitenote_category":0,"_uf_show_specific_survey":0,"_uf_disable_surveys":false,"footnotes":""},"class_list":["post-897","page","type-page","status-publish","hentry"],"aioseo_notices":[],"_links":{"self":[{"href":"https:\/\/reunir.u-naziboni.bf\/en\/wp-json\/wp\/v2\/pages\/897","targetHints":{"allow":["GET"]}}],"collection":[{"href":"https:\/\/reunir.u-naziboni.bf\/en\/wp-json\/wp\/v2\/pages"}],"about":[{"href":"https:\/\/reunir.u-naziboni.bf\/en\/wp-json\/wp\/v2\/types\/page"}],"author":[{"embeddable":true,"href":"https:\/\/reunir.u-naziboni.bf\/en\/wp-json\/wp\/v2\/users\/1"}],"replies":[{"embeddable":true,"href":"https:\/\/reunir.u-naziboni.bf\/en\/wp-json\/wp\/v2\/comments?post=897"}],"version-history":[{"count":43,"href":"https:\/\/reunir.u-naziboni.bf\/en\/wp-json\/wp\/v2\/pages\/897\/revisions"}],"predecessor-version":[{"id":3054,"href":"https:\/\/reunir.u-naziboni.bf\/en\/wp-json\/wp\/v2\/pages\/897\/revisions\/3054"}],"wp:attachment":[{"href":"https:\/\/reunir.u-naziboni.bf\/en\/wp-json\/wp\/v2\/media?parent=897"}],"curies":[{"name":"wp","href":"https:\/\/api.w.org\/{rel}","templated":true}]}}