{"id":975,"date":"2019-11-28T12:40:05","date_gmt":"2019-11-28T12:40:05","guid":{"rendered":"http:\/\/labpeak.themetechmount.net\/?page_id=975"},"modified":"2019-11-28T12:40:05","modified_gmt":"2019-11-28T12:40:05","slug":"research-style-2","status":"publish","type":"page","link":"https:\/\/reunir.u-naziboni.bf\/en\/research-style-2\/","title":{"rendered":"Research Style 2"},"content":{"rendered":"<div class=\"tm-row wpb_row vc_row-fluid vc_column-gap-default tm-zindex-0 vc_row container tm-bgimage-position-center_center\">\n\n\t\t\n\t\t\n\t\t\n\n<div class=\"wpb_column tm-column vc_column_container vc_col-sm-12 tm-zindex-0\">\n\t<div class=\"vc_column-inner\">\n\t\t\t\t<div class=\"wpb_wrapper\">\n\t\t\t<div class=\"themetechmount-boxes themetechmount-boxes-portfolio themetechmount-boxes-view-default themetechmount-boxes-col-three themetechmount-boxes-sortable-no themetechmount-boxes-textalign-center tm-cta3-rev-heading\">\n\t\t<div class=\"themetechmount-boxes-inner themetechmount-boxes-portfolio-inner\">\n\t\t\t\n\t\t\t<div class=\"row multi-columns-row themetechmount-boxes-row-wrapper\">\n\t\t\t\t<div class=\"tm-box-col-wrapper col-lg-4 col-sm-6 col-md-4 col-xs-12 gestion_durable_des_terres_et_resilience\"><article class=\"themetechmount-box themetechmount-box-portfolio themetechmount-box-view-top-image themetechmount-portfolio-box-view-top-image\">\r\n\t<div class=\"themetechmount-post-item\">\t\r\n\t\t<div class=\"themetechmount-post-item-inner\">\r\n\t\t\t<div class=\"tm-featured-wrapper tm-tm_portfolio-featured-wrapper\"><a href=\"https:\/\/reunir.u-naziboni.bf\/en\/portfolio\/effet-des-demi-lunes-sur-la-production-du-mil-et-de-sorgho\/\"><img loading=\"lazy\" decoding=\"async\" width=\"768\" height=\"512\" src=\"https:\/\/reunir.u-naziboni.bf\/wp-content\/uploads\/2019\/12\/EFFET-DES-DEMI-LUNES-768x512.png\" class=\"attachment-medium_large size-medium_large wp-post-image\" alt=\"\" srcset=\"https:\/\/reunir.u-naziboni.bf\/wp-content\/uploads\/2019\/12\/EFFET-DES-DEMI-LUNES-768x512.png 768w, https:\/\/reunir.u-naziboni.bf\/wp-content\/uploads\/2019\/12\/EFFET-DES-DEMI-LUNES-300x200.png 300w, https:\/\/reunir.u-naziboni.bf\/wp-content\/uploads\/2019\/12\/EFFET-DES-DEMI-LUNES-1024x683.png 1024w, https:\/\/reunir.u-naziboni.bf\/wp-content\/uploads\/2019\/12\/EFFET-DES-DEMI-LUNES-1536x1025.png 1536w, https:\/\/reunir.u-naziboni.bf\/wp-content\/uploads\/2019\/12\/EFFET-DES-DEMI-LUNES-1200x800.png 1200w, https:\/\/reunir.u-naziboni.bf\/wp-content\/uploads\/2019\/12\/EFFET-DES-DEMI-LUNES.png 1667w\" sizes=\"auto, (max-width: 768px) 100vw, 768px\" data-id=\"2180\" \/><\/a><\/div>\t\t\t<div class=\"themetechmount-box-content themetechmount-overlay\">\t\r\n\t\t\t<\/div>\r\n\t\t<\/div>\r\n\t\t<div class=\"themetechmount-box-bottom-content\">\t\t\t\t\t\r\n\t\t\t<div class=\"themetechmount-box-title\"><h4><a href=\"https:\/\/reunir.u-naziboni.bf\/en\/portfolio\/effet-des-demi-lunes-sur-la-production-du-mil-et-de-sorgho\/\">Effect of half-moons on millet and sorghum production<\/a><\/h4><\/div>\t\r\n\t\t\t<div class=\"themetechmount-box-category\"><a href=\"https:\/\/reunir.u-naziboni.bf\/en\/portfolio-category\/gestion_durable_des_terres_et_resilience\/\" rel=\"tag\">SUSTAINABLE LAND MANAGEMENT AND RESILIENCE<\/a><\/div>\t\t\t\r\n\t\t<\/div>\r\n\t<\/div>\r\n<\/article><\/div><div class=\"tm-box-col-wrapper col-lg-4 col-sm-6 col-md-4 col-xs-12 gestion_durable_des_terres_et_resilience\"><article class=\"themetechmount-box themetechmount-box-portfolio themetechmount-box-view-top-image themetechmount-portfolio-box-view-top-image\">\r\n\t<div class=\"themetechmount-post-item\">\t\r\n\t\t<div class=\"themetechmount-post-item-inner\">\r\n\t\t\t<div class=\"tm-featured-wrapper tm-tm_portfolio-featured-wrapper\"><a href=\"https:\/\/reunir.u-naziboni.bf\/en\/portfolio\/effet-des-zai-sur-la-restauration-des-sols-et-de-la-productivite-des-terres\/\"><img loading=\"lazy\" decoding=\"async\" width=\"768\" height=\"512\" src=\"https:\/\/reunir.u-naziboni.bf\/wp-content\/uploads\/2019\/12\/Effet-des-Zais-sur-la-production-du-mil-768x512.png\" class=\"attachment-medium_large size-medium_large wp-post-image\" alt=\"\" srcset=\"https:\/\/reunir.u-naziboni.bf\/wp-content\/uploads\/2019\/12\/Effet-des-Zais-sur-la-production-du-mil-768x512.png 768w, https:\/\/reunir.u-naziboni.bf\/wp-content\/uploads\/2019\/12\/Effet-des-Zais-sur-la-production-du-mil-300x200.png 300w, https:\/\/reunir.u-naziboni.bf\/wp-content\/uploads\/2019\/12\/Effet-des-Zais-sur-la-production-du-mil-1024x683.png 1024w, https:\/\/reunir.u-naziboni.bf\/wp-content\/uploads\/2019\/12\/Effet-des-Zais-sur-la-production-du-mil-1536x1024.png 1536w, https:\/\/reunir.u-naziboni.bf\/wp-content\/uploads\/2019\/12\/Effet-des-Zais-sur-la-production-du-mil-1200x800.png 1200w, https:\/\/reunir.u-naziboni.bf\/wp-content\/uploads\/2019\/12\/Effet-des-Zais-sur-la-production-du-mil.png 1668w\" sizes=\"auto, (max-width: 768px) 100vw, 768px\" data-id=\"2181\" \/><\/a><\/div>\t\t\t<div class=\"themetechmount-box-content themetechmount-overlay\">\t\r\n\t\t\t<\/div>\r\n\t\t<\/div>\r\n\t\t<div class=\"themetechmount-box-bottom-content\">\t\t\t\t\t\r\n\t\t\t<div class=\"themetechmount-box-title\"><h4><a href=\"https:\/\/reunir.u-naziboni.bf\/en\/portfolio\/effet-des-zai-sur-la-restauration-des-sols-et-de-la-productivite-des-terres\/\">Effect of za\u00ef on soil restoration and land productivity<\/a><\/h4><\/div>\t\r\n\t\t\t<div class=\"themetechmount-box-category\"><a href=\"https:\/\/reunir.u-naziboni.bf\/en\/portfolio-category\/gestion_durable_des_terres_et_resilience\/\" rel=\"tag\">SUSTAINABLE LAND MANAGEMENT AND RESILIENCE<\/a><\/div>\t\t\t\r\n\t\t<\/div>\r\n\t<\/div>\r\n<\/article><\/div><div class=\"tm-box-col-wrapper col-lg-4 col-sm-6 col-md-4 col-xs-12 securite_alimentaire_nutritionnelle_et_resilience\"><article class=\"themetechmount-box themetechmount-box-portfolio themetechmount-box-view-top-image themetechmount-portfolio-box-view-top-image\">\r\n\t<div class=\"themetechmount-post-item\">\t\r\n\t\t<div class=\"themetechmount-post-item-inner\">\r\n\t\t\t<div class=\"tm-featured-wrapper tm-tm_portfolio-featured-wrapper\"><a href=\"https:\/\/reunir.u-naziboni.bf\/en\/portfolio\/effets-du-faucardage-du-typha-australis-au-niveau-des-mares-sur-la-resilience-des-communautes\/\"><img loading=\"lazy\" decoding=\"async\" width=\"768\" height=\"512\" src=\"https:\/\/reunir.u-naziboni.bf\/wp-content\/uploads\/2019\/12\/Beneficiaires-en-pleine-activite-de-faucardage-768x512.png\" class=\"attachment-medium_large size-medium_large wp-post-image\" alt=\"\" srcset=\"https:\/\/reunir.u-naziboni.bf\/wp-content\/uploads\/2019\/12\/Beneficiaires-en-pleine-activite-de-faucardage-768x512.png 768w, https:\/\/reunir.u-naziboni.bf\/wp-content\/uploads\/2019\/12\/Beneficiaires-en-pleine-activite-de-faucardage-300x200.png 300w, https:\/\/reunir.u-naziboni.bf\/wp-content\/uploads\/2019\/12\/Beneficiaires-en-pleine-activite-de-faucardage-1024x683.png 1024w, https:\/\/reunir.u-naziboni.bf\/wp-content\/uploads\/2019\/12\/Beneficiaires-en-pleine-activite-de-faucardage-1536x1025.png 1536w, https:\/\/reunir.u-naziboni.bf\/wp-content\/uploads\/2019\/12\/Beneficiaires-en-pleine-activite-de-faucardage-1200x800.png 1200w, https:\/\/reunir.u-naziboni.bf\/wp-content\/uploads\/2019\/12\/Beneficiaires-en-pleine-activite-de-faucardage.png 1667w\" sizes=\"auto, (max-width: 768px) 100vw, 768px\" data-id=\"2182\" \/><\/a><\/div>\t\t\t<div class=\"themetechmount-box-content themetechmount-overlay\">\t\r\n\t\t\t<\/div>\r\n\t\t<\/div>\r\n\t\t<div class=\"themetechmount-box-bottom-content\">\t\t\t\t\t\r\n\t\t\t<div class=\"themetechmount-box-title\"><h4><a href=\"https:\/\/reunir.u-naziboni.bf\/en\/portfolio\/effets-du-faucardage-du-typha-australis-au-niveau-des-mares-sur-la-resilience-des-communautes\/\">Effects of typha australis killing at pond level on community resilience<\/a><\/h4><\/div>\t\r\n\t\t\t<div class=\"themetechmount-box-category\"><a href=\"https:\/\/reunir.u-naziboni.bf\/en\/portfolio-category\/securite_alimentaire_nutritionnelle_et_resilience\/\" rel=\"tag\">FOOD, NUTRITIONAL SECURITY AND RESILIENCE<\/a><\/div>\t\t\t\r\n\t\t<\/div>\r\n\t<\/div>\r\n<\/article><\/div><div class=\"tm-box-col-wrapper col-lg-4 col-sm-6 col-md-4 col-xs-12 securite_alimentaire_nutritionnelle_et_resilience\"><article class=\"themetechmount-box themetechmount-box-portfolio themetechmount-box-view-top-image themetechmount-portfolio-box-view-top-image\">\r\n\t<div class=\"themetechmount-post-item\">\t\r\n\t\t<div class=\"themetechmount-post-item-inner\">\r\n\t\t\t<div class=\"tm-featured-wrapper tm-tm_portfolio-featured-wrapper\"><a href=\"https:\/\/reunir.u-naziboni.bf\/en\/portfolio\/role-des-produits-forestiers-non-ligneux-dans-la-securite-alimentaire-et-nutritionnelle-des-menages\/\"><img loading=\"lazy\" decoding=\"async\" width=\"768\" height=\"512\" src=\"https:\/\/reunir.u-naziboni.bf\/wp-content\/uploads\/2019\/11\/Produits-forestiers-non-ligneux-768x512.png\" class=\"attachment-medium_large size-medium_large wp-post-image\" alt=\"\" srcset=\"https:\/\/reunir.u-naziboni.bf\/wp-content\/uploads\/2019\/11\/Produits-forestiers-non-ligneux-768x512.png 768w, https:\/\/reunir.u-naziboni.bf\/wp-content\/uploads\/2019\/11\/Produits-forestiers-non-ligneux-300x200.png 300w, https:\/\/reunir.u-naziboni.bf\/wp-content\/uploads\/2019\/11\/Produits-forestiers-non-ligneux-1024x683.png 1024w, https:\/\/reunir.u-naziboni.bf\/wp-content\/uploads\/2019\/11\/Produits-forestiers-non-ligneux-1536x1024.png 1536w, https:\/\/reunir.u-naziboni.bf\/wp-content\/uploads\/2019\/11\/Produits-forestiers-non-ligneux-1200x800.png 1200w, https:\/\/reunir.u-naziboni.bf\/wp-content\/uploads\/2019\/11\/Produits-forestiers-non-ligneux.png 1668w\" sizes=\"auto, (max-width: 768px) 100vw, 768px\" data-id=\"2183\" \/><\/a><\/div>\t\t\t<div class=\"themetechmount-box-content themetechmount-overlay\">\t\r\n\t\t\t<\/div>\r\n\t\t<\/div>\r\n\t\t<div class=\"themetechmount-box-bottom-content\">\t\t\t\t\t\r\n\t\t\t<div class=\"themetechmount-box-title\"><h4><a href=\"https:\/\/reunir.u-naziboni.bf\/en\/portfolio\/role-des-produits-forestiers-non-ligneux-dans-la-securite-alimentaire-et-nutritionnelle-des-menages\/\">Role of non-timber forest products in household food and nutritional security<\/a><\/h4><\/div>\t\r\n\t\t\t<div class=\"themetechmount-box-category\"><a href=\"https:\/\/reunir.u-naziboni.bf\/en\/portfolio-category\/securite_alimentaire_nutritionnelle_et_resilience\/\" rel=\"tag\">FOOD, NUTRITIONAL SECURITY AND RESILIENCE<\/a><\/div>\t\t\t\r\n\t\t<\/div>\r\n\t<\/div>\r\n<\/article><\/div><div class=\"tm-box-col-wrapper col-lg-4 col-sm-6 col-md-4 col-xs-12 changements-climatiques-adaptation-et-resilience-communautaires\"><article class=\"themetechmount-box themetechmount-box-portfolio themetechmount-box-view-top-image themetechmount-portfolio-box-view-top-image\">\r\n\t<div class=\"themetechmount-post-item\">\t\r\n\t\t<div class=\"themetechmount-post-item-inner\">\r\n\t\t\t<div class=\"tm-featured-wrapper tm-tm_portfolio-featured-wrapper\"><a href=\"https:\/\/reunir.u-naziboni.bf\/en\/portfolio\/etude-des-potentialites-et-des-perspectives-damelioration-des-espaces-pastoraux-et-des-bourgoutieres-amenagees\/\"><img loading=\"lazy\" decoding=\"async\" width=\"768\" height=\"512\" src=\"https:\/\/reunir.u-naziboni.bf\/wp-content\/uploads\/2019\/11\/Bourgoutieres-amenagees-de-Seyna-Bella-768x512.png\" class=\"attachment-medium_large size-medium_large wp-post-image\" alt=\"\" srcset=\"https:\/\/reunir.u-naziboni.bf\/wp-content\/uploads\/2019\/11\/Bourgoutieres-amenagees-de-Seyna-Bella-768x512.png 768w, https:\/\/reunir.u-naziboni.bf\/wp-content\/uploads\/2019\/11\/Bourgoutieres-amenagees-de-Seyna-Bella-300x200.png 300w, https:\/\/reunir.u-naziboni.bf\/wp-content\/uploads\/2019\/11\/Bourgoutieres-amenagees-de-Seyna-Bella-1024x683.png 1024w, https:\/\/reunir.u-naziboni.bf\/wp-content\/uploads\/2019\/11\/Bourgoutieres-amenagees-de-Seyna-Bella-1536x1025.png 1536w, https:\/\/reunir.u-naziboni.bf\/wp-content\/uploads\/2019\/11\/Bourgoutieres-amenagees-de-Seyna-Bella-1200x800.png 1200w, https:\/\/reunir.u-naziboni.bf\/wp-content\/uploads\/2019\/11\/Bourgoutieres-amenagees-de-Seyna-Bella.png 1667w\" sizes=\"auto, (max-width: 768px) 100vw, 768px\" data-id=\"2185\" \/><\/a><\/div>\t\t\t<div class=\"themetechmount-box-content themetechmount-overlay\">\t\r\n\t\t\t<\/div>\r\n\t\t<\/div>\r\n\t\t<div class=\"themetechmount-box-bottom-content\">\t\t\t\t\t\r\n\t\t\t<div class=\"themetechmount-box-title\"><h4><a href=\"https:\/\/reunir.u-naziboni.bf\/en\/portfolio\/etude-des-potentialites-et-des-perspectives-damelioration-des-espaces-pastoraux-et-des-bourgoutieres-amenagees\/\">Study of the potential and prospects for improving pastoral areas and developed bourgouti\u00e8res<\/a><\/h4><\/div>\t\r\n\t\t\t<div class=\"themetechmount-box-category\"><a href=\"https:\/\/reunir.u-naziboni.bf\/en\/portfolio-category\/changements-climatiques-adaptation-et-resilience-communautaires\/\" rel=\"tag\">CLIMATE CHANGE: COMMUNITY ADAPTATION AND RESILIENCE<\/a><\/div>\t\t\t\r\n\t\t<\/div>\r\n\t<\/div>\r\n<\/article><\/div><div class=\"tm-box-col-wrapper col-lg-4 col-sm-6 col-md-4 col-xs-12 participation-communautaire-genre-et-resilience\"><article class=\"themetechmount-box themetechmount-box-portfolio themetechmount-box-view-top-image themetechmount-portfolio-box-view-top-image\">\r\n\t<div class=\"themetechmount-post-item\">\t\r\n\t\t<div class=\"themetechmount-post-item-inner\">\r\n\t\t\t<div class=\"tm-featured-wrapper tm-tm_portfolio-featured-wrapper\"><a href=\"https:\/\/reunir.u-naziboni.bf\/en\/portfolio\/analyse-des-activites-de-creation-dactifs-productifs-issues-de-la-planification-communautaire-participative-pcp\/\"><img loading=\"lazy\" decoding=\"async\" width=\"768\" height=\"512\" src=\"https:\/\/reunir.u-naziboni.bf\/wp-content\/uploads\/2019\/11\/creation-dactifs-productifs--768x512.png\" class=\"attachment-medium_large size-medium_large wp-post-image\" alt=\"\" srcset=\"https:\/\/reunir.u-naziboni.bf\/wp-content\/uploads\/2019\/11\/creation-dactifs-productifs--768x512.png 768w, https:\/\/reunir.u-naziboni.bf\/wp-content\/uploads\/2019\/11\/creation-dactifs-productifs--300x200.png 300w, https:\/\/reunir.u-naziboni.bf\/wp-content\/uploads\/2019\/11\/creation-dactifs-productifs--1024x683.png 1024w, https:\/\/reunir.u-naziboni.bf\/wp-content\/uploads\/2019\/11\/creation-dactifs-productifs--1536x1024.png 1536w, https:\/\/reunir.u-naziboni.bf\/wp-content\/uploads\/2019\/11\/creation-dactifs-productifs--1200x800.png 1200w, https:\/\/reunir.u-naziboni.bf\/wp-content\/uploads\/2019\/11\/creation-dactifs-productifs-.png 1668w\" sizes=\"auto, (max-width: 768px) 100vw, 768px\" data-id=\"2187\" \/><\/a><\/div>\t\t\t<div class=\"themetechmount-box-content themetechmount-overlay\">\t\r\n\t\t\t<\/div>\r\n\t\t<\/div>\r\n\t\t<div class=\"themetechmount-box-bottom-content\">\t\t\t\t\t\r\n\t\t\t<div class=\"themetechmount-box-title\"><h4><a href=\"https:\/\/reunir.u-naziboni.bf\/en\/portfolio\/analyse-des-activites-de-creation-dactifs-productifs-issues-de-la-planification-communautaire-participative-pcp\/\">Analysis of productive asset creation activities resulting from Participatory Community Planning (PCP)<\/a><\/h4><\/div>\t\r\n\t\t\t<div class=\"themetechmount-box-category\"><a href=\"https:\/\/reunir.u-naziboni.bf\/en\/portfolio-category\/participation-communautaire-genre-et-resilience\/\" rel=\"tag\">COMMUNITY PARTICIPATION GENDER AND RESILIENCE<\/a><\/div>\t\t\t\r\n\t\t<\/div>\r\n\t<\/div>\r\n<\/article><\/div>\n\t\t\t<\/div>\n\t\t<\/div><!-- .themetechmount-boxes-inner -->   <\/div><!-- .themetechmount-boxes -->  \t\t<\/div>\n\t<\/div>\n<\/div>\n\n\n\n\t\t\n\t<\/div>","protected":false},"excerpt":{"rendered":"1. CONTEXTE, PROBL\u00c9MATIQUE ET OBJECTIF Depuis une trentaine d\u2019ann\u00e9es les options prises en faveur du d\u00e9veloppement au Niger se polarisent autour des processus de participation des populations \u00e0 la base. En effet, de l\u2019Etat \u00ab providence \u00bb assurant exclusivement le pilotage des actions de d\u00e9veloppement \u00e0 l\u2019Etat se limitant \u00e0 cr\u00e9er les conditions d\u2019un environnement &hellip; <a href=\"https:\/\/reunir.u-naziboni.bf\/en\/portfolio\/analyse-des-activites-de-creation-dactifs-productifs-issues-de-la-planification-communautaire-participative-pcp\/\" class=\"more-link\">Continue reading <span class=\"screen-reader-text\">Analysis of productive asset creation activities resulting from Participatory Community Planning (PCP)<\/span><\/a>","protected":false},"author":1,"featured_media":0,"parent":0,"menu_order":15,"comment_status":"closed","ping_status":"closed","template":"","meta":{"om_disable_all_campaigns":false,"_monsterinsights_skip_tracking":false,"_monsterinsights_sitenote_active":false,"_monsterinsights_sitenote_note":"","_monsterinsights_sitenote_category":0,"_uf_show_specific_survey":0,"_uf_disable_surveys":false,"footnotes":""},"class_list":["post-975","page","type-page","status-publish","hentry"],"aioseo_notices":[],"_links":{"self":[{"href":"https:\/\/reunir.u-naziboni.bf\/en\/wp-json\/wp\/v2\/pages\/975","targetHints":{"allow":["GET"]}}],"collection":[{"href":"https:\/\/reunir.u-naziboni.bf\/en\/wp-json\/wp\/v2\/pages"}],"about":[{"href":"https:\/\/reunir.u-naziboni.bf\/en\/wp-json\/wp\/v2\/types\/page"}],"author":[{"embeddable":true,"href":"https:\/\/reunir.u-naziboni.bf\/en\/wp-json\/wp\/v2\/users\/1"}],"replies":[{"embeddable":true,"href":"https:\/\/reunir.u-naziboni.bf\/en\/wp-json\/wp\/v2\/comments?post=975"}],"version-history":[{"count":0,"href":"https:\/\/reunir.u-naziboni.bf\/en\/wp-json\/wp\/v2\/pages\/975\/revisions"}],"wp:attachment":[{"href":"https:\/\/reunir.u-naziboni.bf\/en\/wp-json\/wp\/v2\/media?parent=975"}],"curies":[{"name":"wp","href":"https:\/\/api.w.org\/{rel}","templated":true}]}}